{"id":438,"date":"2025-09-11T07:56:32","date_gmt":"2025-09-11T11:56:32","guid":{"rendered":"https:\/\/practica.staging.peaceworks.ca\/product\/cle-article-n-401\/"},"modified":"2025-09-11T07:56:32","modified_gmt":"2025-09-11T11:56:32","slug":"cle-article-n-401","status":"publish","type":"product","link":"https:\/\/practica.ca\/fr\/produit\/cle-article-n-401\/","title":{"rendered":"Cl\u00e9 (article n\u00b0 401)"},"content":{"rendered":"<ul>\n<li>Cl\u00e9 en m\u00e9tal pour ouvrir le verrou en acier inoxydable s\u00e9curisant le distributeur de sacs \u00e0 d\u00e9jections canines et la station de gestion des d\u00e9chets canins<\/li>\n<li>Une cl\u00e9 est fournie avec toute nouvelle commande de distributeur ou de station de gestion des d\u00e9chets<\/li>\n<\/ul>\n","protected":false},"excerpt":{"rendered":"<p>PLUS frais d&rsquo;exp\u00e9dition et taxes<\/p>\n<ul>\n<li>Cl\u00e9 pour distributeur de sacs \u00e0 d\u00e9jections canines et station de gestion des d\u00e9chets canins<\/li>\n<\/ul>\n","protected":false},"featured_media":439,"template":"","meta":{"_genesis_hide_title":false,"_genesis_hide_breadcrumbs":false,"_genesis_hide_singular_image":false,"_genesis_hide_footer_widgets":false,"_genesis_custom_body_class":"","_genesis_custom_post_class":"","_genesis_layout":""},"product_brand":[],"product_cat":[39],"product_tag":[],"class_list":{"0":"post-438","1":"product","2":"type-product","3":"status-publish","4":"has-post-thumbnail","6":"product_cat-cles-et-options-de-montage","7":"entry","9":"first","10":"instock","11":"taxable","12":"shipping-taxable","13":"purchasable","14":"product-type-simple"},"_links":{"self":[{"href":"https:\/\/practica.ca\/fr\/wp-json\/wp\/v2\/product\/438","targetHints":{"allow":["GET"]}}],"collection":[{"href":"https:\/\/practica.ca\/fr\/wp-json\/wp\/v2\/product"}],"about":[{"href":"https:\/\/practica.ca\/fr\/wp-json\/wp\/v2\/types\/product"}],"wp:featuredmedia":[{"embeddable":true,"href":"https:\/\/practica.ca\/fr\/wp-json\/wp\/v2\/media\/439"}],"wp:attachment":[{"href":"https:\/\/practica.ca\/fr\/wp-json\/wp\/v2\/media?parent=438"}],"wp:term":[{"taxonomy":"product_brand","embeddable":true,"href":"https:\/\/practica.ca\/fr\/wp-json\/wp\/v2\/product_brand?post=438"},{"taxonomy":"product_cat","embeddable":true,"href":"https:\/\/practica.ca\/fr\/wp-json\/wp\/v2\/product_cat?post=438"},{"taxonomy":"product_tag","embeddable":true,"href":"https:\/\/practica.ca\/fr\/wp-json\/wp\/v2\/product_tag?post=438"}],"curies":[{"name":"wp","href":"https:\/\/api.w.org\/{rel}","templated":true}]}}