{"id":437,"date":"2025-09-09T09:59:38","date_gmt":"2025-09-09T13:59:38","guid":{"rendered":"https:\/\/practica.staging.peaceworks.ca\/product\/sacs-de-ramassage-pour-chiens-500-article-n-105\/"},"modified":"2025-12-08T10:22:48","modified_gmt":"2025-12-08T15:22:48","slug":"sacs-de-ramassage-pour-chiens-500-article-n-105","status":"publish","type":"product","link":"https:\/\/practica.ca\/fr\/produit\/sacs-de-ramassage-pour-chiens-500-article-n-105\/","title":{"rendered":"Sacs de ramassage pour chiens \u2013 500 (article n\u00b0 105)"},"content":{"rendered":"<ul>\n<li>Fabriqu\u00e9 \u00e0 partir d\u2019une r\u00e9sine \u00e0 base d\u2019huile avec un additif EPI qui aide \u00e0 d\u00e9composer les sacs lorsqu\u2019ils sont expos\u00e9s \u00e0 la lumi\u00e8re et \u00e0 l\u2019air.<\/li>\n<li>Pour les clients individuels qui souhaitent acheter des sacs de ramassage pour chiens Practica directement pour leur usage personnel.<\/li>\n<\/ul>\n","protected":false},"excerpt":{"rendered":"<p><img loading=\"lazy\" decoding=\"async\" class=\" wp-image-6425 alignleft\" src=\"https:\/\/practica.ca\/wp-content\/uploads\/small-orange-paw.png\" alt=\"\" width=\"15\" height=\"15\" \/>Pour les clients individuels<\/p>\n<ul>\n<li>Sacs de ramassage pour excr\u00e9ments de chiens, bo\u00eete de 500.<\/li>\n<li>10 paquets de 50 sacs chacun<\/li>\n<li>Perfor\u00e9s pour permettre de d\u00e9tacher les sacs individuellement<\/li>\n<li>Textur\u00e9s pour faciliter l&rsquo;ouverture des sacs<\/li>\n<\/ul>\n<p><img loading=\"lazy\" decoding=\"async\" class=\"alignnone size-thumbnail wp-image-259\" src=\"https:\/\/practica.ca\/wp-content\/uploads\/EPI_logo-150x150.webp\" alt=\"\" width=\"150\" height=\"150\" srcset=\"https:\/\/practica.ca\/wp-content\/uploads\/EPI_logo-150x150.webp 150w, https:\/\/practica.ca\/wp-content\/uploads\/EPI_logo-180x180.webp 180w, https:\/\/practica.ca\/wp-content\/uploads\/EPI_logo-300x300.webp 300w, https:\/\/practica.ca\/wp-content\/uploads\/EPI_logo-80x80.webp 80w, https:\/\/practica.ca\/wp-content\/uploads\/EPI_logo.webp 400w\" sizes=\"auto, (max-width: 150px) 100vw, 150px\" \/><\/p>\n","protected":false},"featured_media":434,"template":"","meta":{"_genesis_hide_title":false,"_genesis_hide_breadcrumbs":false,"_genesis_hide_singular_image":false,"_genesis_hide_footer_widgets":false,"_genesis_custom_body_class":"","_genesis_custom_post_class":"","_genesis_layout":""},"product_brand":[],"product_cat":[43],"product_tag":[],"class_list":{"0":"post-437","1":"product","2":"type-product","3":"status-publish","4":"has-post-thumbnail","6":"product_cat-sacs-de-ramassage","7":"entry","9":"first","10":"instock","11":"taxable","12":"shipping-taxable","13":"purchasable","14":"product-type-simple"},"_links":{"self":[{"href":"https:\/\/practica.ca\/fr\/wp-json\/wp\/v2\/product\/437","targetHints":{"allow":["GET"]}}],"collection":[{"href":"https:\/\/practica.ca\/fr\/wp-json\/wp\/v2\/product"}],"about":[{"href":"https:\/\/practica.ca\/fr\/wp-json\/wp\/v2\/types\/product"}],"wp:featuredmedia":[{"embeddable":true,"href":"https:\/\/practica.ca\/fr\/wp-json\/wp\/v2\/media\/434"}],"wp:attachment":[{"href":"https:\/\/practica.ca\/fr\/wp-json\/wp\/v2\/media?parent=437"}],"wp:term":[{"taxonomy":"product_brand","embeddable":true,"href":"https:\/\/practica.ca\/fr\/wp-json\/wp\/v2\/product_brand?post=437"},{"taxonomy":"product_cat","embeddable":true,"href":"https:\/\/practica.ca\/fr\/wp-json\/wp\/v2\/product_cat?post=437"},{"taxonomy":"product_tag","embeddable":true,"href":"https:\/\/practica.ca\/fr\/wp-json\/wp\/v2\/product_tag?post=437"}],"curies":[{"name":"wp","href":"https:\/\/api.w.org\/{rel}","templated":true}]}}