{"id":433,"date":"2025-09-09T09:23:22","date_gmt":"2025-09-09T13:23:22","guid":{"rendered":"https:\/\/practica.staging.peaceworks.ca\/product\/sacs-pour-ramasser-les-excrements-de-chien-2000-article-n-131\/"},"modified":"2025-09-09T09:23:22","modified_gmt":"2025-09-09T13:23:22","slug":"sacs-pour-ramasser-les-excrements-de-chien-2000-article-n-131","status":"publish","type":"product","link":"https:\/\/practica.ca\/fr\/produit\/sacs-pour-ramasser-les-excrements-de-chien-2000-article-n-131\/","title":{"rendered":"Sacs pour ramasser les excr\u00e9ments de chien &#8211; 2000 (article n\u00b0 131)"},"content":{"rendered":"<ul>\n<li>Fabriqu\u00e9s \u00e0 partir d&rsquo;une r\u00e9sine \u00e0 base d&rsquo;huile avec un additif EPI qui aide \u00e0 d\u00e9composer les sacs lorsqu&rsquo;ils sont expos\u00e9s \u00e0 la lumi\u00e8re et \u00e0 l&rsquo;air<\/li>\n<li>Con\u00e7us pour faciliter l&rsquo;utilisation et l&rsquo;\u00e9limination, et con\u00e7us pour \u00eatre suspendus aux supports \u00e0 languette dans le distributeur de sacs pour chiens Practica<\/li>\n<li>Facilement accessible par l&rsquo;ouverture en forme d&rsquo;os du distributeur<\/li>\n<li>Les bo\u00eetes de 2 000 sont un produit rentable choisi par les municipalit\u00e9s, les villes, les parcs, les entreprises de services pour chiens et les organisations \u00e0 travers le Canada<\/li>\n<li>Exp\u00e9di\u00e9 \u00e0 chaque endroit par la m\u00e9thode la plus rentable disponible<\/li>\n<li>Les clients peuvent \u00eatre factur\u00e9s pour les paiements de commande<\/li>\n<\/ul>\n","protected":false},"excerpt":{"rendered":"<p>PLUS les frais d&rsquo;exp\u00e9dition et les taxes.<\/p>\n<p><strong>* Pour les commandes de 15 bo\u00eetes ou plus, le prix est de 65,75 $\/bo\u00eete<\/strong><\/p>\n<ul>\n<li>40 paquets de 50 sacs chacun<\/li>\n<li>Perfor\u00e9s pour permettre la distribution de sacs individuels<\/li>\n<li>Textur\u00e9s pour faciliter l&rsquo;ouverture des sacs<\/li>\n<\/ul>\n<p><img loading=\"lazy\" decoding=\"async\" class=\"alignnone wp-image-259 size-thumbnail\" src=\"https:\/\/practica.ca\/wp-content\/uploads\/EPI_logo-150x150.webp\" alt=\"\" width=\"150\" height=\"150\" srcset=\"https:\/\/practica.ca\/wp-content\/uploads\/EPI_logo-150x150.webp 150w, https:\/\/practica.ca\/wp-content\/uploads\/EPI_logo-180x180.webp 180w, https:\/\/practica.ca\/wp-content\/uploads\/EPI_logo-300x300.webp 300w, https:\/\/practica.ca\/wp-content\/uploads\/EPI_logo-80x80.webp 80w, https:\/\/practica.ca\/wp-content\/uploads\/EPI_logo.webp 400w\" sizes=\"auto, (max-width: 150px) 100vw, 150px\" \/><\/p>\n","protected":false},"featured_media":258,"template":"","meta":{"_genesis_hide_title":false,"_genesis_hide_breadcrumbs":false,"_genesis_hide_singular_image":false,"_genesis_hide_footer_widgets":false,"_genesis_custom_body_class":"","_genesis_custom_post_class":"","_genesis_layout":""},"product_brand":[],"product_cat":[43],"product_tag":[],"class_list":{"0":"post-433","1":"product","2":"type-product","3":"status-publish","4":"has-post-thumbnail","6":"product_cat-sacs-de-ramassage","7":"entry","9":"first","10":"instock","11":"taxable","12":"shipping-taxable","13":"purchasable","14":"product-type-simple"},"_links":{"self":[{"href":"https:\/\/practica.ca\/fr\/wp-json\/wp\/v2\/product\/433","targetHints":{"allow":["GET"]}}],"collection":[{"href":"https:\/\/practica.ca\/fr\/wp-json\/wp\/v2\/product"}],"about":[{"href":"https:\/\/practica.ca\/fr\/wp-json\/wp\/v2\/types\/product"}],"wp:featuredmedia":[{"embeddable":true,"href":"https:\/\/practica.ca\/fr\/wp-json\/wp\/v2\/media\/258"}],"wp:attachment":[{"href":"https:\/\/practica.ca\/fr\/wp-json\/wp\/v2\/media?parent=433"}],"wp:term":[{"taxonomy":"product_brand","embeddable":true,"href":"https:\/\/practica.ca\/fr\/wp-json\/wp\/v2\/product_brand?post=433"},{"taxonomy":"product_cat","embeddable":true,"href":"https:\/\/practica.ca\/fr\/wp-json\/wp\/v2\/product_cat?post=433"},{"taxonomy":"product_tag","embeddable":true,"href":"https:\/\/practica.ca\/fr\/wp-json\/wp\/v2\/product_tag?post=433"}],"curies":[{"name":"wp","href":"https:\/\/api.w.org\/{rel}","templated":true}]}}