{"id":426,"date":"2025-09-09T11:16:05","date_gmt":"2025-09-09T15:16:05","guid":{"rendered":"https:\/\/practica.staging.peaceworks.ca\/product\/distributeur-de-sacs-pour-chiens-commandite-a-des-fins-publicitaires-article-n-202-204\/"},"modified":"2025-09-09T11:16:05","modified_gmt":"2025-09-09T15:16:05","slug":"distributeur-de-sacs-pour-chiens-commandite-a-des-fins-publicitaires-article-n-202-204","status":"publish","type":"product","link":"https:\/\/practica.ca\/fr\/produit\/distributeur-de-sacs-pour-chiens-commandite-a-des-fins-publicitaires-article-n-202-204\/","title":{"rendered":"Distributeur de sacs pour chiens commandit\u00e9 \u00e0 des fins publicitaires (article n\u00b0 202\/204)"},"content":{"rendered":"<ul>\n<li>Fabriqu\u00e9e en acier galvanis\u00e9 de calibre 14, rev\u00eatue de poudre et r\u00e9sistante \u00e0 la rouille<\/li>\n<li>Cadre m\u00e9tallique soud\u00e9 sur le devant avec un espace publicitaire prot\u00e9g\u00e9 par du plexiglas<\/li>\n<li>Le cadre se d\u00e9tache facilement de l\u2019int\u00e9rieur du distributeur afin de pouvoir ins\u00e9rer des informations publicitaires<\/li>\n<li>Con\u00e7u pour que les sacs de ramassage s&rsquo;accrochent aux languettes m\u00e9talliques \u00e0 l&rsquo;int\u00e9rieur du distributeur pour un r\u00e9approvisionnement facile<\/li>\n<li>L&rsquo;ouverture en forme d&rsquo;os \u00e0 l&rsquo;avant du distributeur permet aux propri\u00e9taires d&rsquo;animaux d&rsquo;acc\u00e9der facilement \u00e0 un sac de ramassage \u00e0 partir de l&#8217;emballage perfor\u00e9<\/li>\n<li>S\u00e9curis\u00e9 par un verrou en acier inoxydable, et une cl\u00e9 est fournie pour les nouvelles commandes de distributeurs<\/li>\n<li>Les clients peuvent choisir d\u2019afficher le fran\u00e7ais ou l\u2019anglais en position principale sur l\u2019\u00e9tiquette de la banni\u00e8re<\/li>\n<\/ul>\n","protected":false},"excerpt":{"rendered":"<p>PLUS frais d&rsquo;exp\u00e9dition et taxes<\/p>\n<ul>\n<li>Fournit un espace publicitaire dans la vitrine<\/li>\n<li>Peut contenir jusqu&rsquo;\u00e0 400 sacs<\/li>\n<li>Distribue facilement un sac \u00e0 la fois<\/li>\n<li>Acier galvanis\u00e9 de calibre 14<\/li>\n<li>Disponible en bleu (n\u00b0 202) ou en vert (n\u00b0 204)<\/li>\n<li>\u00c9tiquettes bilingues (fran\u00e7ais et anglais)<\/li>\n<\/ul>\n<p><img loading=\"lazy\" decoding=\"async\" class=\"alignnone size-full wp-image-278\" src=\"https:\/\/practica.ca\/wp-content\/uploads\/made-in-canada.webp\" alt=\"\" width=\"171\" height=\"51\"><\/p>\n","protected":false},"featured_media":428,"template":"","meta":{"_genesis_hide_title":false,"_genesis_hide_breadcrumbs":false,"_genesis_hide_singular_image":false,"_genesis_hide_footer_widgets":false,"_genesis_custom_body_class":"","_genesis_custom_post_class":"","_genesis_layout":""},"product_brand":[],"product_cat":[44],"product_tag":[],"class_list":{"0":"post-426","1":"product","2":"type-product","3":"status-publish","4":"has-post-thumbnail","6":"product_cat-distributeurs-de-sacs","7":"entry","9":"first","10":"instock","11":"taxable","12":"shipping-taxable","13":"purchasable","14":"product-type-variable"},"_links":{"self":[{"href":"https:\/\/practica.ca\/fr\/wp-json\/wp\/v2\/product\/426","targetHints":{"allow":["GET"]}}],"collection":[{"href":"https:\/\/practica.ca\/fr\/wp-json\/wp\/v2\/product"}],"about":[{"href":"https:\/\/practica.ca\/fr\/wp-json\/wp\/v2\/types\/product"}],"wp:featuredmedia":[{"embeddable":true,"href":"https:\/\/practica.ca\/fr\/wp-json\/wp\/v2\/media\/428"}],"wp:attachment":[{"href":"https:\/\/practica.ca\/fr\/wp-json\/wp\/v2\/media?parent=426"}],"wp:term":[{"taxonomy":"product_brand","embeddable":true,"href":"https:\/\/practica.ca\/fr\/wp-json\/wp\/v2\/product_brand?post=426"},{"taxonomy":"product_cat","embeddable":true,"href":"https:\/\/practica.ca\/fr\/wp-json\/wp\/v2\/product_cat?post=426"},{"taxonomy":"product_tag","embeddable":true,"href":"https:\/\/practica.ca\/fr\/wp-json\/wp\/v2\/product_tag?post=426"}],"curies":[{"name":"wp","href":"https:\/\/api.w.org\/{rel}","templated":true}]}}