{"id":409,"date":"2025-09-09T10:25:13","date_gmt":"2025-09-09T14:25:13","guid":{"rendered":"https:\/\/practica.staging.peaceworks.ca\/product\/sacs-de-ramassage-pour-chiens-bpi-compostable-industriellement-2000-article-n-150\/"},"modified":"2025-09-09T10:25:13","modified_gmt":"2025-09-09T14:25:13","slug":"sacs-de-ramassage-pour-chiens-bpi-compostable-industriellement-2000-article-n-150","status":"publish","type":"product","link":"https:\/\/practica.ca\/fr\/produit\/sacs-de-ramassage-pour-chiens-bpi-compostable-industriellement-2000-article-n-150\/","title":{"rendered":"Sacs de ramassage pour chiens &#8211; BPI compostable industriellement \u2013 2000 (article n\u00b0 150)"},"content":{"rendered":"<ul>\n<li>Certifi\u00e9 conforme aux normes du Biodegradable Products Institute \u2013 Certificat n\u00b0 : 10529655-1<\/li>\n<li>Con\u00e7u pour une utilisation et une \u00e9limination faciles, et con\u00e7u pour \u00eatre suspendu aux supports \u00e0 languette du distributeur de sacs pour chiens Practica.<\/li>\n<li>Divis\u00e9 en paquets de 50 sacs chacun, et perfor\u00e9 de sorte qu&rsquo;un seul sac soit distribu\u00e9 \u00e0 la fois<\/li>\n<li>Facilement accessible par l&rsquo;ouverture en forme d&rsquo;os du distributeur<\/li>\n<li>Veuillez v\u00e9rifier les directives locales pour l&rsquo;\u00e9limination appropri\u00e9e et l&rsquo;utilisation de la poubelle appropri\u00e9e<\/li>\n<li>Exp\u00e9di\u00e9 \u00e0 chaque endroit par la m\u00e9thode la plus rentable disponible<\/li>\n<li>Les clients peuvent \u00eatre factur\u00e9s pour les paiements de commande<\/li>\n<\/ul>\n","protected":false},"excerpt":{"rendered":"<p>PLUS les frais d&rsquo;exp\u00e9dition et les taxes.<\/p>\n<p><strong>* Pour les commandes de 15 bo\u00eetes ou plus, le prix est de 85,50 $\/bo\u00eete<\/strong><\/p>\n<ul>\n<li>Bo\u00eete de 2000 sacs compostables industriellement certifi\u00e9s BPI<\/li>\n<li>40 paquets de 50 sacs<\/li>\n<li>Fabriqu\u00e9 \u00e0 partir d&rsquo;une r\u00e9sine compos\u00e9e de PBAT, de PLA et d&rsquo;amidon de ma\u00efs<\/li>\n<li>Les sacs sont certifi\u00e9s BPI compostables industriellement pour une utilisation au Canada l\u00e0 o\u00f9 les installations existent<\/li>\n<\/ul>\n<p><img loading=\"lazy\" decoding=\"async\" class=\"alignnone wp-image-269 size-full\" src=\"https:\/\/practica.ca\/wp-content\/uploads\/bpi-compostable.jpg.webp\" alt=\"\" width=\"300\" height=\"120\"><\/p>\n<p>&nbsp;<\/p>\n","protected":false},"featured_media":270,"template":"","meta":{"_genesis_hide_title":false,"_genesis_hide_breadcrumbs":false,"_genesis_hide_singular_image":false,"_genesis_hide_footer_widgets":false,"_genesis_custom_body_class":"","_genesis_custom_post_class":"","_genesis_layout":""},"product_brand":[],"product_cat":[43],"product_tag":[],"class_list":{"0":"post-409","1":"product","2":"type-product","3":"status-publish","4":"has-post-thumbnail","6":"product_cat-sacs-de-ramassage","7":"entry","9":"first","10":"instock","11":"taxable","12":"shipping-taxable","13":"purchasable","14":"product-type-simple"},"_links":{"self":[{"href":"https:\/\/practica.ca\/fr\/wp-json\/wp\/v2\/product\/409","targetHints":{"allow":["GET"]}}],"collection":[{"href":"https:\/\/practica.ca\/fr\/wp-json\/wp\/v2\/product"}],"about":[{"href":"https:\/\/practica.ca\/fr\/wp-json\/wp\/v2\/types\/product"}],"wp:featuredmedia":[{"embeddable":true,"href":"https:\/\/practica.ca\/fr\/wp-json\/wp\/v2\/media\/270"}],"wp:attachment":[{"href":"https:\/\/practica.ca\/fr\/wp-json\/wp\/v2\/media?parent=409"}],"wp:term":[{"taxonomy":"product_brand","embeddable":true,"href":"https:\/\/practica.ca\/fr\/wp-json\/wp\/v2\/product_brand?post=409"},{"taxonomy":"product_cat","embeddable":true,"href":"https:\/\/practica.ca\/fr\/wp-json\/wp\/v2\/product_cat?post=409"},{"taxonomy":"product_tag","embeddable":true,"href":"https:\/\/practica.ca\/fr\/wp-json\/wp\/v2\/product_tag?post=409"}],"curies":[{"name":"wp","href":"https:\/\/api.w.org\/{rel}","templated":true}]}}