{"id":402,"date":"2025-09-09T14:47:15","date_gmt":"2025-09-09T18:47:15","guid":{"rendered":"https:\/\/practica.staging.peaceworks.ca\/product\/station-de-gestion-des-dechets-canins-commanditee-pour-la-publicite-article-n-502-504\/"},"modified":"2025-09-09T14:47:15","modified_gmt":"2025-09-09T18:47:15","slug":"station-de-gestion-des-dechets-canins-commanditee-pour-la-publicite-article-n-502-504","status":"publish","type":"product","link":"https:\/\/practica.ca\/fr\/produit\/station-de-gestion-des-dechets-canins-commanditee-pour-la-publicite-article-n-502-504\/","title":{"rendered":"Station de gestion des d\u00e9chets canins commandit\u00e9e pour la publicit\u00e9 (article n\u00b0 502\/504)"},"content":{"rendered":"<ul>\n<li>La station de gestion des d\u00e9chets canins \u00e0 double usage fournit \u00e0 la fois un distributeur de sacs \u00e0 commandite et une poubelle<\/li>\n<li>Fabriqu\u00e9 en acier galvanis\u00e9 de calibre 14, rev\u00eatu de poudre et r\u00e9sistant \u00e0 la rouille<\/li>\n<li>Cadre m\u00e9tallique soud\u00e9 sur le devant avec un espace publicitaire prot\u00e9g\u00e9 par du plexiglas<\/li>\n<li>Le cadre se d\u00e9tache facilement de l&rsquo;int\u00e9rieur du distributeur pour ins\u00e9rer des informations publicitaires<\/li>\n<li>Le distributeur peut contenir jusqu&rsquo;\u00e0 400 sacs de ramassage qui s&rsquo;accrochent aux languettes m\u00e9talliques \u00e0 l&rsquo;int\u00e9rieur du distributeur pour un r\u00e9approvisionnement facile.<\/li>\n<li>Poubelle con\u00e7ue pour utiliser un sac \u00e0 ordures m\u00e9nager standard (26 po x 36 po ou 66 cm x 91 cm)<\/li>\n<li>S\u00e9curis\u00e9 par un verrou en acier inoxydable et verrouill\u00e9 pour permettre un acc\u00e8s en une \u00e9tape pour le remplacement du sac \u00e0 excr\u00e9ments et l&rsquo;\u00e9limination des d\u00e9chets<\/li>\n<li>La station de gestion des d\u00e9chets canins peut \u00eatre install\u00e9e sur un support Practica (n\u00b0 302), un support mural Practica (n\u00b0 303) ou sur une structure de support 4\u00d74 existante<\/li>\n<li>Comprend une cl\u00e9 et 2 boulons\/rondelles pour le montage<\/li>\n<\/ul>\n","protected":false},"excerpt":{"rendered":"<ul>\n<li>La conception \u00e0 double usage offre une station compl\u00e8te de gestion des d\u00e9chets canins<\/li>\n<li>Int\u00e8gre un distributeur de sacs \u00e0 commandite et une poubelle<\/li>\n<li>Acier galvanis\u00e9 de calibre 14<\/li>\n<li>Disponible en bleu (n\u00b0 502) ou en vert (n\u00b0 504)<\/li>\n<li>Banni\u00e8re bilingue (fran\u00e7ais et anglais)<\/li>\n<\/ul>\n<p><img loading=\"lazy\" decoding=\"async\" class=\"alignnone size-full wp-image-278\" src=\"https:\/\/practica.ca\/wp-content\/uploads\/made-in-canada.webp\" alt=\"\" width=\"171\" height=\"51\"><\/p>\n","protected":false},"featured_media":328,"template":"","meta":{"_genesis_hide_title":false,"_genesis_hide_breadcrumbs":false,"_genesis_hide_singular_image":false,"_genesis_hide_footer_widgets":false,"_genesis_custom_body_class":"","_genesis_custom_post_class":"","_genesis_layout":""},"product_brand":[],"product_cat":[42],"product_tag":[],"class_list":{"0":"post-402","1":"product","2":"type-product","3":"status-publish","4":"has-post-thumbnail","6":"product_cat-poubelles","7":"entry","9":"first","10":"instock","11":"taxable","12":"shipping-taxable","13":"purchasable","14":"product-type-variable"},"_links":{"self":[{"href":"https:\/\/practica.ca\/fr\/wp-json\/wp\/v2\/product\/402","targetHints":{"allow":["GET"]}}],"collection":[{"href":"https:\/\/practica.ca\/fr\/wp-json\/wp\/v2\/product"}],"about":[{"href":"https:\/\/practica.ca\/fr\/wp-json\/wp\/v2\/types\/product"}],"wp:featuredmedia":[{"embeddable":true,"href":"https:\/\/practica.ca\/fr\/wp-json\/wp\/v2\/media\/328"}],"wp:attachment":[{"href":"https:\/\/practica.ca\/fr\/wp-json\/wp\/v2\/media?parent=402"}],"wp:term":[{"taxonomy":"product_brand","embeddable":true,"href":"https:\/\/practica.ca\/fr\/wp-json\/wp\/v2\/product_brand?post=402"},{"taxonomy":"product_cat","embeddable":true,"href":"https:\/\/practica.ca\/fr\/wp-json\/wp\/v2\/product_cat?post=402"},{"taxonomy":"product_tag","embeddable":true,"href":"https:\/\/practica.ca\/fr\/wp-json\/wp\/v2\/product_tag?post=402"}],"curies":[{"name":"wp","href":"https:\/\/api.w.org\/{rel}","templated":true}]}}