{"id":388,"date":"2025-09-09T14:20:17","date_gmt":"2025-09-09T18:20:17","guid":{"rendered":"https:\/\/practica.staging.peaceworks.ca\/product\/station-de-gestion-des-dechets-canins-article-n-501-503\/"},"modified":"2025-09-09T14:20:17","modified_gmt":"2025-09-09T18:20:17","slug":"station-de-gestion-des-dechets-canins-article-n-501-503","status":"publish","type":"product","link":"https:\/\/practica.ca\/fr\/produit\/station-de-gestion-des-dechets-canins-article-n-501-503\/","title":{"rendered":"Station de gestion des d\u00e9chets canins (article n\u00b0 501\/503)"},"content":{"rendered":"<ul>\n<li>La station de gestion des d\u00e9chets canins \u00e0 double usage comprend \u00e0 la fois un distributeur de sacs \u00e0 d\u00e9jections canines et une poubelle.<\/li>\n<li>Fabriqu\u00e9e en acier galvanis\u00e9 de calibre 14, rev\u00eatue de poudre et r\u00e9sistante \u00e0 la rouille<\/li>\n<li>Le distributeur peut contenir jusqu&rsquo;\u00e0 400 sacs \u00e0 d\u00e9jections qui s&rsquo;accrochent aux languettes m\u00e9talliques \u00e0 l&rsquo;int\u00e9rieur du distributeur pour un r\u00e9approvisionnement facile.<\/li>\n<li>Poubelle con\u00e7ue pour utiliser un sac poubelle m\u00e9nager standard (26 po x 36 po ou 66 cm x 91 cm)<\/li>\n<li>S\u00e9curis\u00e9e par un verrou en acier inoxydable et verrouill\u00e9e pour permettre un acc\u00e8s en une \u00e9tape pour le remplacement du sac \u00e0 d\u00e9jections canines et l&rsquo;\u00e9limination des d\u00e9chets.<\/li>\n<li>La station de gestion des d\u00e9chets canins peut \u00eatre install\u00e9e sur un support Practica (n\u00b0 302), un support mural Practica (n\u00b0 303) ou sur une structure de support 4\u00d74 existante.<\/li>\n<li>Comprend une cl\u00e9 et 2 boulons\/rondelles pour le montage<\/li>\n<\/ul>\n","protected":false},"excerpt":{"rendered":"<ul>\n<li>La conception \u00e0 double usage offre une station compl\u00e8te de gestion des d\u00e9chets canins<\/li>\n<li>Int\u00e8gre un distributeur de sacs \u00e0 d\u00e9jections canines et une poubelle<\/li>\n<li>Acier galvanis\u00e9 de calibre 14<\/li>\n<li>Disponible en bleu (n\u00b0 501) ou en vert (n\u00b0 503)<\/li>\n<li>\u00c9tiquettes bilingues (fran\u00e7ais et anglais)<\/li>\n<\/ul>\n<p><img loading=\"lazy\" decoding=\"async\" class=\"alignnone size-full wp-image-278\" src=\"https:\/\/practica.ca\/wp-content\/uploads\/made-in-canada.webp\" alt=\"\" width=\"171\" height=\"51\"><\/p>\n","protected":false},"featured_media":313,"template":"","meta":{"_genesis_hide_title":false,"_genesis_hide_breadcrumbs":false,"_genesis_hide_singular_image":false,"_genesis_hide_footer_widgets":false,"_genesis_custom_body_class":"","_genesis_custom_post_class":"","_genesis_layout":""},"product_brand":[],"product_cat":[42],"product_tag":[],"class_list":{"0":"post-388","1":"product","2":"type-product","3":"status-publish","4":"has-post-thumbnail","6":"product_cat-poubelles","7":"entry","9":"first","10":"instock","11":"taxable","12":"shipping-taxable","13":"purchasable","14":"product-type-variable"},"_links":{"self":[{"href":"https:\/\/practica.ca\/fr\/wp-json\/wp\/v2\/product\/388","targetHints":{"allow":["GET"]}}],"collection":[{"href":"https:\/\/practica.ca\/fr\/wp-json\/wp\/v2\/product"}],"about":[{"href":"https:\/\/practica.ca\/fr\/wp-json\/wp\/v2\/types\/product"}],"wp:featuredmedia":[{"embeddable":true,"href":"https:\/\/practica.ca\/fr\/wp-json\/wp\/v2\/media\/313"}],"wp:attachment":[{"href":"https:\/\/practica.ca\/fr\/wp-json\/wp\/v2\/media?parent=388"}],"wp:term":[{"taxonomy":"product_brand","embeddable":true,"href":"https:\/\/practica.ca\/fr\/wp-json\/wp\/v2\/product_brand?post=388"},{"taxonomy":"product_cat","embeddable":true,"href":"https:\/\/practica.ca\/fr\/wp-json\/wp\/v2\/product_cat?post=388"},{"taxonomy":"product_tag","embeddable":true,"href":"https:\/\/practica.ca\/fr\/wp-json\/wp\/v2\/product_tag?post=388"}],"curies":[{"name":"wp","href":"https:\/\/api.w.org\/{rel}","templated":true}]}}