{"id":383,"date":"2025-09-11T07:54:15","date_gmt":"2025-09-11T11:54:15","guid":{"rendered":"https:\/\/practica.staging.peaceworks.ca\/product\/poteau-pour-distributeur-de-sacs-a-dejections-canines-article-n-301\/"},"modified":"2025-09-11T07:54:15","modified_gmt":"2025-09-11T11:54:15","slug":"poteau-pour-distributeur-de-sacs-a-dejections-canines-article-n-301","status":"publish","type":"product","link":"https:\/\/practica.ca\/fr\/produit\/poteau-pour-distributeur-de-sacs-a-dejections-canines-article-n-301\/","title":{"rendered":"POTEAU pour distributeur de sacs \u00e0 d\u00e9jections canines (article n\u00b0 301)"},"content":{"rendered":"<ul>\n<li>Mini poteau en U en m\u00e9tal galvanis\u00e9<\/li>\n<li>Peut \u00eatre encastr\u00e9 dans le sol ou le b\u00e9ton<\/li>\n<li>Fixez le distributeur de sacs \u00e0 d\u00e9jections canines Practica de l&#8217;emballage perfor\u00e9 au poteau en boulonnant \u00e0 travers les trous de montage \u00e0 l&rsquo;arri\u00e8re du distributeur<\/li>\n<\/ul>\n","protected":false},"excerpt":{"rendered":"<p>PLUS frais d&rsquo;exp\u00e9dition et taxes<\/p>\n<ul>\n<li>Mini poteau en U galvanis\u00e9 (7 pieds)<\/li>\n<li>Pour le montage des distributeurs de sacs \u00e0 d\u00e9jections canines Practica uniquement<\/li>\n<\/ul>\n<p><img loading=\"lazy\" decoding=\"async\" class=\"alignnone size-full wp-image-278\" src=\"https:\/\/practica.ca\/wp-content\/uploads\/made-in-canada.webp\" alt=\"\" width=\"171\" height=\"51\"><\/p>\n","protected":false},"featured_media":352,"template":"","meta":{"_genesis_hide_title":false,"_genesis_hide_breadcrumbs":false,"_genesis_hide_singular_image":false,"_genesis_hide_footer_widgets":false,"_genesis_custom_body_class":"","_genesis_custom_post_class":"","_genesis_layout":""},"product_brand":[],"product_cat":[39],"product_tag":[],"class_list":{"0":"post-383","1":"product","2":"type-product","3":"status-publish","4":"has-post-thumbnail","6":"product_cat-cles-et-options-de-montage","7":"entry","9":"first","10":"instock","11":"taxable","12":"shipping-taxable","13":"purchasable","14":"product-type-simple"},"_links":{"self":[{"href":"https:\/\/practica.ca\/fr\/wp-json\/wp\/v2\/product\/383","targetHints":{"allow":["GET"]}}],"collection":[{"href":"https:\/\/practica.ca\/fr\/wp-json\/wp\/v2\/product"}],"about":[{"href":"https:\/\/practica.ca\/fr\/wp-json\/wp\/v2\/types\/product"}],"wp:featuredmedia":[{"embeddable":true,"href":"https:\/\/practica.ca\/fr\/wp-json\/wp\/v2\/media\/352"}],"wp:attachment":[{"href":"https:\/\/practica.ca\/fr\/wp-json\/wp\/v2\/media?parent=383"}],"wp:term":[{"taxonomy":"product_brand","embeddable":true,"href":"https:\/\/practica.ca\/fr\/wp-json\/wp\/v2\/product_brand?post=383"},{"taxonomy":"product_cat","embeddable":true,"href":"https:\/\/practica.ca\/fr\/wp-json\/wp\/v2\/product_cat?post=383"},{"taxonomy":"product_tag","embeddable":true,"href":"https:\/\/practica.ca\/fr\/wp-json\/wp\/v2\/product_tag?post=383"}],"curies":[{"name":"wp","href":"https:\/\/api.w.org\/{rel}","templated":true}]}}