{"id":378,"date":"2025-09-10T09:55:05","date_gmt":"2025-09-10T13:55:05","guid":{"rendered":"https:\/\/practica.staging.peaceworks.ca\/product\/support-pour-station-de-gestion-des-dechets-canins-article-n-302\/"},"modified":"2025-09-10T09:55:05","modified_gmt":"2025-09-10T13:55:05","slug":"support-pour-station-de-gestion-des-dechets-canins-article-n-302","status":"publish","type":"product","link":"https:\/\/practica.ca\/fr\/produit\/support-pour-station-de-gestion-des-dechets-canins-article-n-302\/","title":{"rendered":"SUPPORT pour station de gestion des d\u00e9chets canins (article n\u00b0 302)"},"content":{"rendered":"<ul>\n<li>Support de poteau en m\u00e9tal galvanis\u00e9<\/li>\n<li>Con\u00e7u pour s&rsquo;ins\u00e9rer dans le profil\u00e9 en acier situ\u00e9 \u00e0 l&rsquo;arri\u00e8re de la station de gestion des d\u00e9chets canins<\/li>\n<li>Fabriqu\u00e9 pour \u00eatre boulonn\u00e9 dans une base en b\u00e9ton dans le sol afin de s\u00e9curiser le poids de la station de gestion des d\u00e9chets canins<\/li>\n<li>Les clients installent souvent des supports dans les parcs, le long des sentiers ou dans d&rsquo;autres lieux publics o\u00f9 le support peut \u00eatre ciment\u00e9 dans le sol<\/li>\n<\/ul>\n","protected":false},"excerpt":{"rendered":"<p>PLUS frais d&rsquo;exp\u00e9dition et taxes<\/p>\n<ul>\n<li>Support en m\u00e9tal galvanis\u00e9 4\u00d74<\/li>\n<li>Pour le montage de la station de gestion des d\u00e9chets canins Practica uniquement<\/li>\n<\/ul>\n<p><img loading=\"lazy\" decoding=\"async\" class=\"alignnone size-full wp-image-278\" src=\"https:\/\/practica.ca\/wp-content\/uploads\/made-in-canada.webp\" alt=\"\" width=\"171\" height=\"51\"><\/p>\n","protected":false},"featured_media":345,"template":"","meta":{"_genesis_hide_title":false,"_genesis_hide_breadcrumbs":false,"_genesis_hide_singular_image":false,"_genesis_hide_footer_widgets":false,"_genesis_custom_body_class":"","_genesis_custom_post_class":"","_genesis_layout":""},"product_brand":[],"product_cat":[39],"product_tag":[],"class_list":{"0":"post-378","1":"product","2":"type-product","3":"status-publish","4":"has-post-thumbnail","6":"product_cat-cles-et-options-de-montage","7":"entry","9":"first","10":"instock","11":"taxable","12":"shipping-taxable","13":"purchasable","14":"product-type-simple"},"_links":{"self":[{"href":"https:\/\/practica.ca\/fr\/wp-json\/wp\/v2\/product\/378","targetHints":{"allow":["GET"]}}],"collection":[{"href":"https:\/\/practica.ca\/fr\/wp-json\/wp\/v2\/product"}],"about":[{"href":"https:\/\/practica.ca\/fr\/wp-json\/wp\/v2\/types\/product"}],"wp:featuredmedia":[{"embeddable":true,"href":"https:\/\/practica.ca\/fr\/wp-json\/wp\/v2\/media\/345"}],"wp:attachment":[{"href":"https:\/\/practica.ca\/fr\/wp-json\/wp\/v2\/media?parent=378"}],"wp:term":[{"taxonomy":"product_brand","embeddable":true,"href":"https:\/\/practica.ca\/fr\/wp-json\/wp\/v2\/product_brand?post=378"},{"taxonomy":"product_cat","embeddable":true,"href":"https:\/\/practica.ca\/fr\/wp-json\/wp\/v2\/product_cat?post=378"},{"taxonomy":"product_tag","embeddable":true,"href":"https:\/\/practica.ca\/fr\/wp-json\/wp\/v2\/product_tag?post=378"}],"curies":[{"name":"wp","href":"https:\/\/api.w.org\/{rel}","templated":true}]}}