{"id":496,"date":"2025-09-02T11:33:26","date_gmt":"2025-09-02T15:33:26","guid":{"rendered":"https:\/\/practica.staging.peaceworks.ca\/les-faits\/"},"modified":"2025-09-22T11:22:09","modified_gmt":"2025-09-22T15:22:09","slug":"les-faits","status":"publish","type":"page","link":"https:\/\/practica.ca\/fr\/les-faits\/","title":{"rendered":"Les faits"},"content":{"rendered":"\n<div class=\"wp-block-columns is-layout-flex wp-container-core-columns-is-layout-9d6595d7 wp-block-columns-is-layout-flex\">\n<div class=\"wp-block-column is-layout-flow wp-block-column-is-layout-flow\" style=\"flex-basis:33.33%\">\n<div style=\"height:40px\" aria-hidden=\"true\" class=\"wp-block-spacer\"><\/div>\n\n\n<div class=\"wp-block-image\">\n<figure class=\"aligncenter size-full\"><img loading=\"lazy\" decoding=\"async\" width=\"321\" height=\"320\" src=\"https:\/\/practica.ca\/wp-content\/uploads\/municipality-facts-dogs.webp\" alt=\"\" class=\"wp-image-188\" srcset=\"https:\/\/practica.ca\/wp-content\/uploads\/municipality-facts-dogs.webp 321w, https:\/\/practica.ca\/wp-content\/uploads\/municipality-facts-dogs-180x180.webp 180w, https:\/\/practica.ca\/wp-content\/uploads\/municipality-facts-dogs-300x300.webp 300w, https:\/\/practica.ca\/wp-content\/uploads\/municipality-facts-dogs-150x150.webp 150w, https:\/\/practica.ca\/wp-content\/uploads\/municipality-facts-dogs-80x80.webp 80w\" sizes=\"auto, (max-width: 321px) 100vw, 321px\" \/><\/figure>\n<\/div>\n\n\n<div class=\"wp-block-buttons is-content-justification-center is-layout-flex wp-container-core-buttons-is-layout-16018d1d wp-block-buttons-is-layout-flex\">\n<div class=\"wp-block-button has-custom-width wp-block-button__width-100\"><a class=\"wp-block-button__link has-orange-background-color has-background has-large-font-size has-custom-font-size wp-element-button\" href=\"https:\/\/practica.ca\/wp-content\/uploads\/PRA_19_Infographic.pdf\" target=\"_blank\" rel=\"noreferrer noopener\">Voir l&rsquo;infographie compl\u00e8te<\/a><\/div>\n<\/div>\n<\/div>\n\n\n\n<div class=\"wp-block-column is-layout-flow wp-block-column-is-layout-flow\" style=\"flex-basis:66.66%\">\n<p class=\"has-blue-color has-text-color has-link-color has-large-font-size wp-elements-e757b61ef50f2901885635d3c179d65a\">Saviez-vous que les excr\u00e9ments de chien sont dangereux pour votre sant\u00e9 et l&rsquo;environnement ?<\/p>\n\n\n\n<p class=\"no-margin\">Ramasser apr\u00e8s son chien est une responsabilit\u00e9 essentielle qui contribue \u00e0 la s\u00e9curit\u00e9 et \u00e0 la propret\u00e9 de nos parcs et de nos cours d&rsquo;eau.<\/p>\n\n\n\n<div class=\"wp-block-columns no-margin is-layout-flex wp-container-core-columns-is-layout-9d6595d7 wp-block-columns-is-layout-flex\">\n<div class=\"wp-block-column is-layout-flow wp-block-column-is-layout-flow\">\n<h3 class=\"wp-block-heading\">8,2 millions<\/h3>\n\n\n\n<p class=\"no-margin has-small-font-size\">de chiens et ce n&rsquo;est pas fini vivent au Canada.<\/p>\n<\/div>\n\n\n\n<div class=\"wp-block-column is-layout-flow wp-block-column-is-layout-flow\">\n<h3 class=\"wp-block-heading\">Excr\u00e9ments de chien<\/h3>\n\n\n\n<p class=\"no-margin has-small-font-size\">sont n\u00e9fastes pour l&rsquo;\u00e9cosyst\u00e8me\u00a0: ils transportent plus de maladies, de bact\u00e9ries, d&rsquo;azote et de phosphore que les animaux sauvages.<\/p>\n<\/div>\n<\/div>\n\n\n\n<div class=\"wp-block-columns no-margin is-layout-flex wp-container-core-columns-is-layout-9d6595d7 wp-block-columns-is-layout-flex\">\n<div class=\"wp-block-column is-layout-flow wp-block-column-is-layout-flow\">\n<h3 class=\"wp-block-heading\">D\u00e9chets toxiques<\/h3>\n\n\n\n<p class=\"no-margin has-small-font-size\">L&rsquo;Agence de protection de l&rsquo;environnement classe les excr\u00e9ments de chien dans la m\u00eame cat\u00e9gorie que les produits chimiques toxiques et les d\u00e9versements de p\u00e9trole.<\/p>\n<\/div>\n\n\n\n<div class=\"wp-block-column is-layout-flow wp-block-column-is-layout-flow\">\n<h3 class=\"wp-block-heading\">23 millions<\/h3>\n\n\n\n<p class=\"no-margin has-small-font-size\">de bact\u00e9ries coliformes pr\u00e9sentes dans chaque gramme d&rsquo;excr\u00e9ments de chien \u2013 une cause de probl\u00e8mes gastro-intestinaux et de troubles r\u00e9naux graves.<\/p>\n<\/div>\n<\/div>\n\n\n\n<div class=\"wp-block-columns no-margin is-layout-flex wp-container-core-columns-is-layout-9d6595d7 wp-block-columns-is-layout-flex\">\n<div class=\"wp-block-column is-layout-flow wp-block-column-is-layout-flow\">\n<h3 class=\"wp-block-heading\">41%<\/h3>\n\n\n\n<p class=\"no-margin has-small-font-size\">des m\u00e9nages canadiens ont au moins un chien.<\/p>\n<\/div>\n\n\n\n<div class=\"wp-block-column is-layout-flow wp-block-column-is-layout-flow\">\n<h3 class=\"wp-block-heading\">2,2 milliards<\/h3>\n\n\n\n<p class=\"no-margin has-small-font-size\">de livres de d\u00e9chets produits par les chiens chaque ann\u00e9e.<\/p>\n<\/div>\n<\/div>\n<\/div>\n<\/div>\n\n<div style=\"background-color:#2b74b1;padding-bottom:8%;padding-top:10%;margin-top:10%;margin-bottom:10%\" class=\"wp-block-genesis-blocks-gb-container alignfull bg-top gb-block-container\"><div class=\"gb-container-inside\"><div class=\"gb-container-image-wrap\"><img decoding=\"async\" class=\"gb-container-image has-background-dim\" object-fit=\"cover\"  src=\"https:\/\/practica.ca\/wp-content\/uploads\/the-risks-bg.webp\" alt=\"\"\/><\/div><div class=\"gb-container-content\" style=\"max-width:1200px\">\n<h2 class=\"wp-block-heading has-white-color has-text-color has-link-color wp-elements-8c7c31e31760658e44678282b7e5aa0b\">LES RISQUES\u00a0:<\/h2>\n\n\n\n<div class=\"wp-block-columns is-layout-flex wp-container-core-columns-is-layout-9d6595d7 wp-block-columns-is-layout-flex\">\n<div class=\"wp-block-column is-vertically-aligned-top is-layout-flow wp-block-column-is-layout-flow\">\n<h3 class=\"wp-block-heading\">Eau<\/h3>\n\n\n\n<p class=\"has-white-color has-text-color has-link-color has-normal-font-size wp-elements-b65b78cc63473d40fb500284e6c66bd7\">Principal facteur contribuant aux niveaux \u00e9lev\u00e9s d&rsquo;E. coli, les excr\u00e9ments de chien contaminent l&rsquo;eau potable et l&rsquo;eau de baignade, contribuant souvent \u00e0 la fermeture des plages. Les excr\u00e9ments de chien polluent l&rsquo;eau avec des bact\u00e9ries et des nutriments en exc\u00e8s comme l&rsquo;azote et le phosphore. L&rsquo;exc\u00e8s d&rsquo;azote et de phosphore favorise la croissance des algues, \u00e9puisant les niveaux d&rsquo;oxyg\u00e8ne dans l&rsquo;eau et nuisant \u00e0 la vie marine.  <\/p>\n\n\n\n<h3 class=\"wp-block-heading\">Pluie<\/h3>\n\n\n\n<p class=\"has-white-color has-text-color has-link-color has-normal-font-size wp-elements-0a5b44e36b6f98c96117e07f9a04cbfa\">transporte ces polluants dans les ruisseaux, les rivi\u00e8res et les lacs.<\/p>\n<\/div>\n\n\n\n<div class=\"wp-block-column is-vertically-aligned-top is-layout-flow wp-block-column-is-layout-flow\">\n<figure class=\"wp-block-image size-full\"><img loading=\"lazy\" decoding=\"async\" width=\"463\" height=\"596\" src=\"https:\/\/practica.ca\/wp-content\/uploads\/the-risks-illustration.webp\" alt=\"\" class=\"wp-image-202\" srcset=\"https:\/\/practica.ca\/wp-content\/uploads\/the-risks-illustration.webp 463w, https:\/\/practica.ca\/wp-content\/uploads\/the-risks-illustration-233x300.webp 233w\" sizes=\"auto, (max-width: 463px) 100vw, 463px\" \/><\/figure>\n<\/div>\n\n\n\n<div class=\"wp-block-column is-vertically-aligned-top is-layout-flow wp-block-column-is-layout-flow\">\n<h3 class=\"wp-block-heading\">Sol<\/h3>\n\n\n\n<p class=\"has-white-color has-text-color has-link-color has-normal-font-size wp-elements-927210523ab0aa45000e78d65d757f36\">Les parasites et les bact\u00e9ries provenant des excr\u00e9ments de chien peuvent rester dans le sol jusqu&rsquo;\u00e0 trois ans, exposant ainsi d&rsquo;autres chiens et les utilisateurs du parc au risque de d\u00e9velopper une maladie. Les enfants courent le plus grand risque d&rsquo;infection lorsqu&rsquo;ils jouent dans la terre au parc ou au terrain de jeu, puis mettent leurs mains dans leur bouche ou leurs yeux. Mais les adultes et les adolescents qui pratiquent des sports dans des zones de loisirs ouvertes pourraient \u00eatre \u00e0 risque.  <\/p>\n\n\n\n<h3 class=\"wp-block-heading\">Le saviez-vous\u00a0?<\/h3>\n\n\n\n<p class=\"has-white-color has-text-color has-link-color has-normal-font-size wp-elements-10104f733f38454f94eb23d0306d35a5\">Les excr\u00e9ments de chien vous exposent \u00e0 un risque de contracter E. coli, trichures, teignes, ankylostomes, t\u00e9nias, et plus encore.<\/p>\n<\/div>\n<\/div>\n<\/div><\/div><\/div>\n\n<div class=\"wp-block-columns is-layout-flex wp-container-core-columns-is-layout-9d6595d7 wp-block-columns-is-layout-flex\">\n<div class=\"wp-block-column is-layout-flow wp-block-column-is-layout-flow\" style=\"flex-basis:33.33%\">\n<figure class=\"wp-block-image size-full\"><img loading=\"lazy\" decoding=\"async\" width=\"321\" height=\"320\" src=\"https:\/\/practica.ca\/wp-content\/uploads\/mun-solution.webp\" alt=\"\" class=\"wp-image-209\" srcset=\"https:\/\/practica.ca\/wp-content\/uploads\/mun-solution.webp 321w, https:\/\/practica.ca\/wp-content\/uploads\/mun-solution-180x180.webp 180w, https:\/\/practica.ca\/wp-content\/uploads\/mun-solution-300x300.webp 300w, https:\/\/practica.ca\/wp-content\/uploads\/mun-solution-150x150.webp 150w, https:\/\/practica.ca\/wp-content\/uploads\/mun-solution-80x80.webp 80w\" sizes=\"auto, (max-width: 321px) 100vw, 321px\" \/><\/figure>\n<\/div>\n\n\n\n<div class=\"wp-block-column is-layout-flow wp-block-column-is-layout-flow\" style=\"flex-basis:66.66%\">\n<h2 class=\"wp-block-heading no-margin\">LA SOLUTION\u00a0:<\/h2>\n\n\n\n<p class=\"no-margin\">Les produits de sacs \u00e0 excr\u00e9ments pour chiens Practica encouragent la possession responsable d&rsquo;animaux de compagnie. Lorsque les propri\u00e9taires de chiens oublient d&rsquo;apporter des sacs, les sacs et les distributeurs de sacs \u00e0 excr\u00e9ments pour chiens de Practica permettent \u00e0 chacun de nettoyer apr\u00e8s ses animaux de compagnie. <\/p>\n\n\n\n<h2 class=\"wp-block-heading no-margin\">LE R\u00c9SULTAT<\/h2>\n\n\n\n<p>Des communaut\u00e9s plus propres et plus saines pour les animaux de compagnie et les personnes qui les aiment.<\/p>\n<\/div>\n<\/div>\n\n<h2 class=\"wp-block-heading\">FAQ\u00a0:<\/h2>\n\n<details class=\"wp-block-details has-white-color has-blue-background-color has-text-color has-background has-link-color wp-elements-e93345926626ee5702123d6d0a7926cb is-layout-flow wp-block-details-is-layout-flow\"><summary>Les sacs \u00e0 excr\u00e9ments pour chiens de Practica sont-ils \u00ab&nbsp;biod\u00e9gradables, d\u00e9gradables ou compostables&nbsp;\u00bb&nbsp;?<\/summary>\n<p class=\"has-black-color has-white-background-color has-text-color has-background has-link-color wp-elements-7419b7fef4aabe78cbafcefd24899222\">Practica a re\u00e7u la certification du Biodegradable Plastics Institute (BPI) pour ses sacs \u00e0 excr\u00e9ments pour chiens compostables en milieu industriel (article n\u00b0\u00a0150). Ces sacs sont fabriqu\u00e9s \u00e0 partir de r\u00e9sine compos\u00e9e de PBAT, de PLA et d&rsquo;amidon de ma\u00efs, et sont certifi\u00e9s compostables en milieu industriel par le BPI pour une utilisation au Canada l\u00e0 o\u00f9 les installations existent. Une gestion appropri\u00e9e est requise pour les produits compostables, veuillez donc v\u00e9rifier les directives locales pour une \u00e9limination appropri\u00e9e et utiliser le bac appropri\u00e9 pour les d\u00e9chets. Les sacs \u00e0 excr\u00e9ments pour chiens standard de Practica (articles n\u00b0\u00a0131, n\u00b0\u00a0105, n\u00b0\u00a0106) contiennent des mat\u00e9riaux recycl\u00e9s et sont fabriqu\u00e9s \u00e0 partir d&rsquo;une r\u00e9sine \u00e0 base d&rsquo;huile avec un additif (EPI de EPI Global) qui aide \u00e0 d\u00e9composer les sacs lorsqu&rsquo;ils sont expos\u00e9s \u00e0 la lumi\u00e8re et \u00e0 l&rsquo;air. Pour plus d&rsquo;informations sur les mat\u00e9riaux biod\u00e9gradables, d\u00e9gradables et compostables, veuillez consulter le <a href=\"http:\/\/www.competitionbureau.gc.ca\" target=\"_blank\" rel=\"noreferrer noopener\"><strong>Bureau de la concurrence du Canada<\/strong><\/a>.  <\/p>\n<\/details>\n\n<div style=\"height:10px\" aria-hidden=\"true\" class=\"wp-block-spacer\"><\/div>\n\n<details class=\"wp-block-details has-white-color has-blue-background-color has-text-color has-background has-link-color wp-elements-af25ea436e0d8af17c96a0821ec1765a is-layout-flow wp-block-details-is-layout-flow\"><summary>Depuis combien de temps Practica est-elle en activit\u00e9 et o\u00f9 exerce-t-elle ses activit\u00e9s&nbsp;?<\/summary>\n<p class=\"has-black-color has-white-background-color has-text-color has-background has-link-color wp-elements-e4786d909ea5533302e1d71a6bc9f0dc\">Le premier client de Practica a pass\u00e9 commande en septembre\u00a02000, et depuis, plus de [400) clients \u00e0 travers le Canada utilisent les produits d&rsquo;\u00e9limination des excr\u00e9ments canins de Practica.<\/p>\n<\/details>\n\n<div style=\"height:10px\" aria-hidden=\"true\" class=\"wp-block-spacer\"><\/div>\n\n<details class=\"wp-block-details has-white-color has-blue-background-color has-text-color has-background has-link-color wp-elements-d3082ac6005d60361a1f3197b481a0eb is-layout-flow wp-block-details-is-layout-flow\"><summary>\u00c0 quelle vitesse les commandes sont-elles exp\u00e9di\u00e9es&nbsp;?<\/summary>\n<p class=\"has-black-color has-white-background-color has-text-color has-background has-link-color wp-elements-27f6286ae9bcd1888e0b67d3ae8af55d\">Practica s&rsquo;efforce d&rsquo;exp\u00e9dier les produits aux clients dans un d\u00e9lai d&rsquo;un jour ouvrable apr\u00e8s r\u00e9ception d&rsquo;une commande, bien que les commandes plus importantes qui n\u00e9cessitent un transport par palette prennent un peu plus de temps.<\/p>\n<\/details>\n\n<div style=\"height:10px\" aria-hidden=\"true\" class=\"wp-block-spacer\"><\/div>\n\n<details class=\"wp-block-details has-white-color has-blue-background-color has-text-color has-background has-link-color wp-elements-2a6a04d073fa8f143400ca35176e3574 is-layout-flow wp-block-details-is-layout-flow\"><summary>Que peut-on faire pour que les produits d&rsquo;\u00e9limination des excr\u00e9ments canins de Practica soient install\u00e9s dans les parcs, les sentiers et autres zones communautaires&nbsp;?<\/summary>\n<p class=\"has-black-color has-white-background-color has-text-color has-background has-link-color wp-elements-7f8314641f6afc1da57b53ff714819d3\">Contacter votre service des parcs local ou r\u00e9gional, votre association de sentiers ou votre organisme de conservation, ou les repr\u00e9sentants du gouvernement des r\u00e9gions provinciales ou territoriales peut sensibiliser et apporter des r\u00e9sultats.<\/p>\n<\/details>\n\n<div style=\"height:10px\" aria-hidden=\"true\" class=\"wp-block-spacer\"><\/div>\n\n<details class=\"wp-block-details has-white-color has-blue-background-color has-text-color has-background has-link-color wp-elements-766e989a88c90462a41d080239131a5f is-layout-flow wp-block-details-is-layout-flow\"><summary>\u00c0 quelle fr\u00e9quence les distributeurs de sacs \u00e0 excr\u00e9ments pour chiens doivent-ils \u00eatre remplis&nbsp;?<\/summary>\n<p class=\"has-black-color has-white-background-color has-text-color has-background has-link-color wp-elements-e3c443d90bcd2fc4da30d7d06d326dc1\">Le nombre de sacs \u00e0 excr\u00e9ments pour chiens utilis\u00e9s d\u00e9pend de la circulation des chiens dans une zone, mais un parc pour chiens sans laisse utilise g\u00e9n\u00e9ralement plus de sacs qu&rsquo;un parc communautaire.<\/p>\n<\/details>\n\n<div style=\"height:10px\" aria-hidden=\"true\" class=\"wp-block-spacer\"><\/div>\n\n<details class=\"wp-block-details has-white-color has-blue-background-color has-text-color has-background has-link-color wp-elements-b5a21c1ef5d74522140bac33fabe67fe is-layout-flow wp-block-details-is-layout-flow\"><summary>Comment les produits d&rsquo;excr\u00e9ments canins de Practica peuvent-ils g\u00e9n\u00e9rer des revenus&nbsp;?<\/summary>\n<p class=\"has-black-color has-white-background-color has-text-color has-background has-link-color wp-elements-cf5c5b9901fc44bb7b309672f1313201\">Le distributeur de sacs \u00e0 excr\u00e9ments pour chiens commanditaire de Practica offre un cadre m\u00e9tallique soud\u00e9 sur le devant du distributeur avec un espace publicitaire prot\u00e9g\u00e9 par du plexiglas mesurant environ 5\u00a0\u2033\u00a0x\u00a07\u00a0\u2033. Les publicit\u00e9s ou les avis sont facilement ins\u00e9r\u00e9s dans le cadre depuis l&rsquo;int\u00e9rieur du distributeur et sont prot\u00e9g\u00e9s contre toute utilisation abusive, car l&rsquo;unit\u00e9 est verrouill\u00e9e et n&rsquo;est accessible qu&rsquo;avec la cl\u00e9 du propri\u00e9taire. Les frais de publicit\u00e9 peuvent \u00eatre fix\u00e9s et factur\u00e9s au choix du propri\u00e9taire, g\u00e9n\u00e9rant ainsi des revenus au service de la communaut\u00e9.<\/p>\n<\/details>\n\n<div style=\"background-color:#2b74b1;padding-bottom:5%;padding-top:5%;margin-top:10%\" class=\"wp-block-genesis-blocks-gb-container alignfull gb-block-container\"><div class=\"gb-container-inside\"><div class=\"gb-container-image-wrap\"><img decoding=\"async\" class=\"gb-container-image has-background-dim-100 has-background-dim\" src=\"https:\/\/practica.ca\/wp-content\/uploads\/blue-bg.webp\" alt=\"\"\/><\/div><div class=\"gb-container-content\" style=\"max-width:1200px\">\n<div class=\"wp-block-columns is-layout-flex wp-container-core-columns-is-layout-9d6595d7 wp-block-columns-is-layout-flex\">\n<div class=\"wp-block-column is-vertically-aligned-center is-layout-flow wp-block-column-is-layout-flow\" style=\"flex-basis:66.66%\">\n<figure class=\"wp-block-embed is-type-video is-provider-youtube wp-block-embed-youtube wp-embed-aspect-16-9 wp-has-aspect-ratio\"><div class=\"wp-block-embed__wrapper\">\n<iframe loading=\"lazy\" title=\"Practica Dog Wast Disposal 1080\" width=\"500\" height=\"281\" src=\"https:\/\/www.youtube.com\/embed\/OycTYQeAGoc?start=2&#038;feature=oembed\" frameborder=\"0\" allow=\"accelerometer; autoplay; clipboard-write; encrypted-media; gyroscope; picture-in-picture; web-share\" referrerpolicy=\"strict-origin-when-cross-origin\" allowfullscreen><\/iframe>\n<\/div><\/figure>\n<\/div>\n\n\n\n<div class=\"wp-block-column is-vertically-aligned-center is-layout-flow wp-block-column-is-layout-flow\" style=\"flex-basis:33.33%\">\n<h2 class=\"wp-block-heading has-white-color has-text-color has-link-color wp-elements-89d7c76b5dc5f55c2cdd45e5a65ecda1\">#PoopHappens<\/h2>\n\n\n\n<p class=\"has-white-color has-text-color has-link-color has-large-font-size wp-elements-0ba84584f81732c4ac872c034a788c55\">Tout est amusant jusqu&rsquo;\u00e0 ce que cela vous arrive.<\/p>\n\n\n\n<figure class=\"wp-block-image size-full\"><img loading=\"lazy\" decoding=\"async\" width=\"366\" height=\"100\" src=\"https:\/\/practica.ca\/wp-content\/uploads\/watch-our-video-now.jpg.webp\" alt=\"\" class=\"wp-image-211\" srcset=\"https:\/\/practica.ca\/wp-content\/uploads\/watch-our-video-now.jpg.webp 366w, https:\/\/practica.ca\/wp-content\/uploads\/watch-our-video-now.jpg-300x82.webp 300w\" sizes=\"auto, (max-width: 366px) 100vw, 366px\" \/><\/figure>\n\n\n\n<p class=\"has-white-color has-text-color has-link-color wp-elements-bbb22cc90555bff87d3af762c683ae1c\">Practica, celui qui fait la diff\u00e9rence. Garder les propri\u00e9taires de chiens heureux et aider les r\u00e9sidents \u00e0 profiter d&rsquo;un environnement plus propre\u00a0!<\/p>\n<\/div>\n<\/div>\n<\/div><\/div><\/div>\n","protected":false},"excerpt":{"rendered":"<p>Saviez-vous que les excr\u00e9ments de chien sont dangereux pour votre sant\u00e9 et l&rsquo;environnement ? Ramasser apr\u00e8s son chien est une responsabilit\u00e9 essentielle qui contribue \u00e0 la s\u00e9curit\u00e9 et \u00e0 la propret\u00e9 de nos parcs et de nos cours d&rsquo;eau. 8,2 millions de chiens et ce n&rsquo;est pas fini vivent au Canada. Excr\u00e9ments de chien sont [&hellip;]<\/p>\n","protected":false},"author":3,"featured_media":476,"parent":0,"menu_order":0,"comment_status":"closed","ping_status":"closed","template":"","meta":{"_genesis_hide_title":false,"_genesis_hide_breadcrumbs":false,"_genesis_hide_singular_image":false,"_genesis_hide_footer_widgets":false,"_genesis_custom_body_class":"","_genesis_custom_post_class":"","_genesis_layout":"","footnotes":""},"class_list":{"0":"post-496","1":"page","2":"type-page","3":"status-publish","4":"has-post-thumbnail","6":"entry"},"featured_image_src":"https:\/\/practica.ca\/wp-content\/uploads\/facts-banner-600x240.webp","featured_image_src_square":"https:\/\/practica.ca\/wp-content\/uploads\/facts-banner-600x240.webp","_links":{"self":[{"href":"https:\/\/practica.ca\/fr\/wp-json\/wp\/v2\/pages\/496","targetHints":{"allow":["GET"]}}],"collection":[{"href":"https:\/\/practica.ca\/fr\/wp-json\/wp\/v2\/pages"}],"about":[{"href":"https:\/\/practica.ca\/fr\/wp-json\/wp\/v2\/types\/page"}],"author":[{"embeddable":true,"href":"https:\/\/practica.ca\/fr\/wp-json\/wp\/v2\/users\/3"}],"replies":[{"embeddable":true,"href":"https:\/\/practica.ca\/fr\/wp-json\/wp\/v2\/comments?post=496"}],"version-history":[{"count":1,"href":"https:\/\/practica.ca\/fr\/wp-json\/wp\/v2\/pages\/496\/revisions"}],"predecessor-version":[{"id":498,"href":"https:\/\/practica.ca\/fr\/wp-json\/wp\/v2\/pages\/496\/revisions\/498"}],"wp:featuredmedia":[{"embeddable":true,"href":"https:\/\/practica.ca\/fr\/wp-json\/wp\/v2\/media\/476"}],"wp:attachment":[{"href":"https:\/\/practica.ca\/fr\/wp-json\/wp\/v2\/media?parent=496"}],"curies":[{"name":"wp","href":"https:\/\/api.w.org\/{rel}","templated":true}]}}