{"id":489,"date":"2025-09-02T14:11:45","date_gmt":"2025-09-02T18:11:45","guid":{"rendered":"https:\/\/practica.staging.peaceworks.ca\/temoignages\/"},"modified":"2025-09-22T11:21:16","modified_gmt":"2025-09-22T15:21:16","slug":"temoignages","status":"publish","type":"page","link":"https:\/\/practica.ca\/fr\/temoignages\/","title":{"rendered":"T\u00e9moignages"},"content":{"rendered":"\n<div class=\"wp-block-columns is-layout-flex wp-container-core-columns-is-layout-9d6595d7 wp-block-columns-is-layout-flex\">\n<div class=\"wp-block-column is-layout-flow wp-block-column-is-layout-flow\">\n<div style=\"background-color:#f2f2f2;color:#32373c\" class=\"wp-block-genesis-blocks-gb-testimonial left-aligned gb-font-size-18 gb-block-testimonial\"><div class=\"gb-testimonial-text\">Practica Limited est arriv\u00e9 en t\u00eate de mes recherches concernant les produits canadiens et nord-am\u00e9ricains pour chiens en libert\u00e9. Ces produits sont \u00e9tudi\u00e9s et con\u00e7us pour r\u00e9pondre \u00e0 un niveau \u00e9lev\u00e9 de normes, y compris, mais sans s&rsquo;y limiter&nbsp;: les fonctions esth\u00e9tiques, environnementales, ergonomiques et maintenables. En travaillant avec Practica, ils ont \u00e9t\u00e9 en mesure non seulement de r\u00e9pondre, mais aussi de d\u00e9passer mes attentes gr\u00e2ce \u00e0 une interaction personnelle et \u00e0 un examen de la conception qui r\u00e9pondaient aux besoins du client et s&rsquo;int\u00e9graient \u00e0 la philosophie de conception du parc. Cela signifie la fonctionnalit\u00e9 et l&rsquo;ajustement, ainsi qu&rsquo;une livraison transparente du produit en temps opportun. En traitant avec ces personnes depuis plus de 7&nbsp;ans, ils ne m&rsquo;ont jamais laiss\u00e9 tomber une seule fois et m&rsquo;ont m\u00eame surpris avec des innovations qui ont continuellement am\u00e9lior\u00e9 ma prestation de services. Merci Practica.<\/div><div class=\"gb-testimonial-info\"><h2 class=\"gb-testimonial-name\" style=\"color:#32373c\"><strong><strong>Ville d&rsquo;Edmonton<\/strong><\/strong><\/h2><small class=\"gb-testimonial-title\" style=\"color:#32373c\"><strong>AB<\/strong> <strong>Coordinateur des initiatives des parcs<\/strong><\/small><\/div><\/div>\n\n\n\n<div style=\"background-color:#f2f2f2;color:#32373c\" class=\"wp-block-genesis-blocks-gb-testimonial left-aligned gb-font-size-18 gb-block-testimonial\"><div class=\"gb-testimonial-text\">Je voudrais profiter de cette occasion pour exprimer le succ\u00e8s que nous avons obtenu avec vos sacs et distributeurs de collecte d&rsquo;excr\u00e9ments canins. Nous avons install\u00e9 plusieurs distributeurs dans nos principaux parcs. Une fois que le public s&rsquo;est habitu\u00e9 \u00e0 la disponibilit\u00e9 constante et \u00e0 la commodit\u00e9 de ces unit\u00e9s, l&rsquo;utilisation a augment\u00e9. Apr\u00e8s un temps relativement court, notre personnel a commenc\u00e9 \u00e0 signaler que les sacs apparaissaient \u00e0 des kilom\u00e8tres des distributeurs. Cela a conduit \u00e0 l&rsquo;achat d&rsquo;unit\u00e9s suppl\u00e9mentaires et \u00e0 une r\u00e9ponse positive pour nos propri\u00e9taires de chiens. \u00ab&nbsp;Dans l&rsquo;ensemble, je pense que ce syst\u00e8me a grandement contribu\u00e9 \u00e0 l&rsquo;\u00e9ducation du public et \u00e0 la r\u00e9duction des pr\u00e9occupations li\u00e9es aux excr\u00e9ments dans nos parcs.<\/div><div class=\"gb-testimonial-info\"><h2 class=\"gb-testimonial-name\" style=\"color:#32373c\"><strong><strong><strong>Halifax, N.-\u00c9.<\/strong><\/strong><\/strong><\/h2><small class=\"gb-testimonial-title\" style=\"color:#32373c\"><strong>Travaux publics et transports \u2013 op\u00e9rations municipales<\/strong><\/small><\/div><\/div>\n<\/div>\n\n\n\n<div class=\"wp-block-column is-layout-flow wp-block-column-is-layout-flow\">\n<div style=\"background-color:#f2f2f2;color:#32373c\" class=\"wp-block-genesis-blocks-gb-testimonial left-aligned gb-font-size-18 gb-block-testimonial\"><div class=\"gb-testimonial-text\">Au cours des 5&nbsp;derni\u00e8res ann\u00e9es, nous avons eu environ 25&nbsp;distributeurs Practica dans l&rsquo;ensemble de notre r\u00e9seau de sentiers et de parcs. Le syst\u00e8me Practica est bien utilis\u00e9 (plus de 100&nbsp;000&nbsp;sacs chaque ann\u00e9e), est durable et a consid\u00e9rablement r\u00e9duit le probl\u00e8me des d\u00e9chets canins laiss\u00e9s sur le sol dans les espaces publics. Le prix est juste et la livraison est rapide. Je recommande fortement le syst\u00e8me Practica.<\/div><div class=\"gb-testimonial-info\"><h2 class=\"gb-testimonial-name\" style=\"color:#32373c\"><strong>Ville de Fredericton, N.-B.<\/strong><\/h2><small class=\"gb-testimonial-title\" style=\"color:#32373c\"><strong>Service des services communautaires<\/strong> <strong>Division des parcs et des arbres<\/strong><\/small><\/div><\/div>\n\n\n\n<div style=\"background-color:#f2f2f2;color:#32373c\" class=\"wp-block-genesis-blocks-gb-testimonial left-aligned gb-font-size-18 gb-block-testimonial\"><div class=\"gb-testimonial-text\">Notre service utilise les sacs de ramassage pour chiens de Practica Ltd. depuis plusieurs ann\u00e9es. Nous utilisons environ 40&nbsp;paquets de 2&nbsp;500&nbsp;sacs par ann\u00e9e, ce qui t\u00e9moigne de la popularit\u00e9 de ces sacs et de la quantit\u00e9 d&rsquo;excr\u00e9ments canins qui sont ramass\u00e9s gr\u00e2ce \u00e0 leur disponibilit\u00e9, au lieu d&rsquo;\u00eatre laiss\u00e9s \u00e0 joncher nos parcs et sentiers municipaux. Je trouve que Practica est formidable pour faire affaire avec, les commandes sont toujours trait\u00e9es en temps opportun et leurs prix sont comp\u00e9titifs.<\/div><div class=\"gb-testimonial-info\"><h2 class=\"gb-testimonial-name\" style=\"color:#32373c\"><strong><strong>Ville de Charlottetown<\/strong><\/strong><\/h2><small class=\"gb-testimonial-title\" style=\"color:#32373c\"><strong>Parcs et ar\u00e9nas<\/strong><\/small><\/div><\/div>\n<\/div>\n<\/div>\n\n<p><\/p>\n","protected":false},"excerpt":{"rendered":"","protected":false},"author":3,"featured_media":478,"parent":0,"menu_order":0,"comment_status":"closed","ping_status":"closed","template":"","meta":{"_genesis_hide_title":false,"_genesis_hide_breadcrumbs":false,"_genesis_hide_singular_image":false,"_genesis_hide_footer_widgets":false,"_genesis_custom_body_class":"","_genesis_custom_post_class":"","_genesis_layout":"","footnotes":""},"class_list":{"0":"post-489","1":"page","2":"type-page","3":"status-publish","4":"has-post-thumbnail","6":"entry"},"featured_image_src":"https:\/\/practica.ca\/wp-content\/uploads\/testimonial-banner-600x240.webp","featured_image_src_square":"https:\/\/practica.ca\/wp-content\/uploads\/testimonial-banner-600x240.webp","jetpack_sharing_enabled":true,"_links":{"self":[{"href":"https:\/\/practica.ca\/fr\/wp-json\/wp\/v2\/pages\/489","targetHints":{"allow":["GET"]}}],"collection":[{"href":"https:\/\/practica.ca\/fr\/wp-json\/wp\/v2\/pages"}],"about":[{"href":"https:\/\/practica.ca\/fr\/wp-json\/wp\/v2\/types\/page"}],"author":[{"embeddable":true,"href":"https:\/\/practica.ca\/fr\/wp-json\/wp\/v2\/users\/3"}],"replies":[{"embeddable":true,"href":"https:\/\/practica.ca\/fr\/wp-json\/wp\/v2\/comments?post=489"}],"version-history":[{"count":1,"href":"https:\/\/practica.ca\/fr\/wp-json\/wp\/v2\/pages\/489\/revisions"}],"predecessor-version":[{"id":490,"href":"https:\/\/practica.ca\/fr\/wp-json\/wp\/v2\/pages\/489\/revisions\/490"}],"wp:featuredmedia":[{"embeddable":true,"href":"https:\/\/practica.ca\/fr\/wp-json\/wp\/v2\/media\/478"}],"wp:attachment":[{"href":"https:\/\/practica.ca\/fr\/wp-json\/wp\/v2\/media?parent=489"}],"curies":[{"name":"wp","href":"https:\/\/api.w.org\/{rel}","templated":true}]}}