{"id":487,"date":"2019-05-16T13:27:04","date_gmt":"2019-05-16T17:27:04","guid":{"rendered":"https:\/\/practica.staging.peaceworks.ca\/page-daccueil\/"},"modified":"2025-09-22T11:20:33","modified_gmt":"2025-09-22T15:20:33","slug":"page-daccueil","status":"publish","type":"page","link":"https:\/\/practica.ca\/fr\/","title":{"rendered":"Page d&rsquo;accueil"},"content":{"rendered":"\n<div style=\"background-color:#000000;padding-left:8%;padding-right:8%;padding-bottom:10%;padding-top:10%\" class=\"wp-block-genesis-blocks-gb-container narrow-content light-text gb-block-container alignfull\"><div class=\"gb-container-inside\"><div class=\"gb-container-image-wrap\"><img decoding=\"async\" class=\"gb-container-image has-background-dim-80 has-background-dim\" src=\"https:\/\/practica.ca\/wp-content\/uploads\/home-feature.webp\" alt=\"\"\/><\/div><div class=\"gb-container-content\" style=\"max-width:1200px\">\n<h1 class=\"wp-block-heading has-text-align-left bold-heading-text fade-in-up\">Practica est une entreprise canadienne qui s&rsquo;engage \u00e0 maintenir un environnement propre et s\u00fbr gr\u00e2ce \u00e0 des solutions novatrices en mati\u00e8re de gestion des d\u00e9chets canins.<\/h1>\n<\/div><\/div><\/div>\n\n<div style=\"padding-bottom:1%;padding-top:6%;margin-bottom:5%\" class=\"wp-block-genesis-blocks-gb-container alignfull gb-block-container\"><div class=\"gb-container-inside\"><div class=\"gb-container-image-wrap\"><img decoding=\"async\" class=\"gb-container-image has-background-dim-100 has-background-dim\" src=\"https:\/\/practica.ca\/wp-content\/uploads\/blue-bg.webp\" alt=\"\"\/><\/div><div class=\"gb-container-content\" style=\"max-width:1200px\">\n<div class=\"wp-block-columns is-layout-flex wp-container-core-columns-is-layout-9d6595d7 wp-block-columns-is-layout-flex\">\n<div class=\"wp-block-column is-layout-flow wp-block-column-is-layout-flow\">\n<p class=\"has-text-align-center has-white-color has-text-color has-link-color wp-elements-d3edc4e958557888b3fb2aa68c778f57\">Les produits d&rsquo;\u00e9limination des d\u00e9chets canins de Practica sont id\u00e9aux pour les municipalit\u00e9s, les villes et les parcs, les condos et les h\u00f4tels, les terrains de camping, les cliniques v\u00e9t\u00e9rinaires et les \u00e9tablissements de soins pour chiens, ainsi que pour tout autre espace commun o\u00f9 les chiens peuvent passer du temps.<\/p>\n<\/div>\n\n\n\n<div class=\"wp-block-column is-layout-flow wp-block-column-is-layout-flow\">\n<p class=\"has-text-align-center has-white-color has-text-color has-link-color wp-elements-aaa1d0b5e2c9f916a131eb04a567f37e\">Les sacs \u00e0 excr\u00e9ments, les distributeurs et les unit\u00e9s d&rsquo;\u00e9limination des d\u00e9chets de Practica encouragent la propri\u00e9t\u00e9 responsable et des parcs et communaut\u00e9s plus propres en permettant aux propri\u00e9taires d&rsquo;animaux de compagnie de nettoyer facilement apr\u00e8s leurs chiens.<\/p>\n<\/div>\n\n\n\n<div class=\"wp-block-column is-layout-flow wp-block-column-is-layout-flow\">\n<p class=\"has-text-align-center has-white-color has-text-color has-link-color wp-elements-44f5356bc0eefdfe7082da8f85e54cef\">Ces solutions de gestion des d\u00e9chets contribuent \u00e0 minimiser la propagation des bact\u00e9ries, des maladies et des polluants provenant des d\u00e9chets canins, et aident \u00e0 cr\u00e9er et \u00e0 maintenir une communaut\u00e9 plus propre, plus saine et plus s\u00fbre pour le plaisir de tous.<\/p>\n<\/div>\n<\/div>\n<\/div><\/div><\/div>\n\n<h2 class=\"wp-block-heading\"><strong>SOLUTIONS D&rsquo;\u00c9LIMINATION DES D\u00c9CHETS CANINS<\/strong><\/h2>\n\n<p>Desservant plus de <strong>400<\/strong> communaut\u00e9s \u00e0 travers le Canada, de Whitehorse \u00e0 St. Johns, Practica fournit des produits d&rsquo;\u00e9limination des d\u00e9chets canins de qualit\u00e9 depuis plus de 20 ans. <strong>Cliquez ci-dessous pour commander\/acheter maintenant<\/strong><\/p>\n\n<div style=\"height:30px\" aria-hidden=\"true\" class=\"wp-block-spacer\"><\/div>\n\n<div class=\"wp-block-columns is-layout-flex wp-container-core-columns-is-layout-9d6595d7 wp-block-columns-is-layout-flex\">\n<div class=\"wp-block-column is-layout-flow wp-block-column-is-layout-flow\">\n<p class=\"has-text-align-center no-margin\"><strong>Sacs \u00e0 excr\u00e9ments pour chiens<\/strong><\/p>\n\n\n\n<figure class=\"wp-block-image size-full\"><a href=\"https:\/\/practica.ca\/shop\/\"><img loading=\"lazy\" decoding=\"async\" width=\"600\" height=\"600\" src=\"https:\/\/practica.ca\/wp-content\/uploads\/Practica-2-Bags.webp\" alt=\"\" class=\"wp-image-331\" srcset=\"https:\/\/practica.ca\/wp-content\/uploads\/Practica-2-Bags.webp 600w, https:\/\/practica.ca\/wp-content\/uploads\/Practica-2-Bags-530x530.webp 530w, https:\/\/practica.ca\/wp-content\/uploads\/Practica-2-Bags-180x180.webp 180w, https:\/\/practica.ca\/wp-content\/uploads\/Practica-2-Bags-300x300.webp 300w, https:\/\/practica.ca\/wp-content\/uploads\/Practica-2-Bags-150x150.webp 150w, https:\/\/practica.ca\/wp-content\/uploads\/Practica-2-Bags-80x80.webp 80w\" sizes=\"auto, (max-width: 600px) 100vw, 600px\" \/><\/a><\/figure>\n<\/div>\n\n\n\n<div class=\"wp-block-column is-layout-flow wp-block-column-is-layout-flow\">\n<p class=\"has-text-align-center no-margin\"><strong>Station de gestion des d\u00e9chets canins<\/strong><\/p>\n\n\n\n<figure class=\"wp-block-image size-full\"><a href=\"https:\/\/practica.ca\/shop\/\"><img loading=\"lazy\" decoding=\"async\" width=\"600\" height=\"600\" src=\"https:\/\/practica.ca\/wp-content\/uploads\/Dispenser_blue_green-600x600_501503.webp\" alt=\"\" class=\"wp-image-313\" srcset=\"https:\/\/practica.ca\/wp-content\/uploads\/Dispenser_blue_green-600x600_501503.webp 600w, https:\/\/practica.ca\/wp-content\/uploads\/Dispenser_blue_green-600x600_501503-530x530.webp 530w, https:\/\/practica.ca\/wp-content\/uploads\/Dispenser_blue_green-600x600_501503-180x180.webp 180w, https:\/\/practica.ca\/wp-content\/uploads\/Dispenser_blue_green-600x600_501503-300x300.webp 300w, https:\/\/practica.ca\/wp-content\/uploads\/Dispenser_blue_green-600x600_501503-150x150.webp 150w, https:\/\/practica.ca\/wp-content\/uploads\/Dispenser_blue_green-600x600_501503-80x80.webp 80w\" sizes=\"auto, (max-width: 600px) 100vw, 600px\" \/><\/a><\/figure>\n<\/div>\n\n\n\n<div class=\"wp-block-column is-layout-flow wp-block-column-is-layout-flow\">\n<p class=\"has-text-align-center no-margin\"><strong>Distributeur de sacs \u00e0 excr\u00e9ments pour chiens<\/strong><\/p>\n\n\n\n<figure class=\"wp-block-image size-full\"><a href=\"https:\/\/practica.ca\/shop\/\"><img loading=\"lazy\" decoding=\"async\" width=\"600\" height=\"600\" src=\"https:\/\/practica.ca\/wp-content\/uploads\/Dispenser_blue_green-600x600_201203.webp\" alt=\"\" class=\"wp-image-277\" srcset=\"https:\/\/practica.ca\/wp-content\/uploads\/Dispenser_blue_green-600x600_201203.webp 600w, https:\/\/practica.ca\/wp-content\/uploads\/Dispenser_blue_green-600x600_201203-530x530.webp 530w, https:\/\/practica.ca\/wp-content\/uploads\/Dispenser_blue_green-600x600_201203-180x180.webp 180w, https:\/\/practica.ca\/wp-content\/uploads\/Dispenser_blue_green-600x600_201203-300x300.webp 300w, https:\/\/practica.ca\/wp-content\/uploads\/Dispenser_blue_green-600x600_201203-150x150.webp 150w, https:\/\/practica.ca\/wp-content\/uploads\/Dispenser_blue_green-600x600_201203-80x80.webp 80w\" sizes=\"auto, (max-width: 600px) 100vw, 600px\" \/><\/a><\/figure>\n<\/div>\n<\/div>\n\n<div style=\"padding-bottom:5%;padding-top:3%;margin-top:4%\" class=\"wp-block-genesis-blocks-gb-container alignfull narrow-content light-text gb-block-container\"><div class=\"gb-container-inside\"><div class=\"gb-container-image-wrap\"><img decoding=\"async\" class=\"gb-container-image has-background-dim-100 has-background-dim\" src=\"https:\/\/practica.ca\/wp-content\/uploads\/testimonials-bg.webp\" alt=\"\"\/><\/div><div class=\"gb-container-content\" style=\"max-width:1200px\">\n<h2 class=\"wp-block-heading\">T\u00e9moignages<\/h2>\n\n\n\n<p>\u00ab Dans l&rsquo;ensemble, j&rsquo;estime que ce syst\u00e8me a grandement contribu\u00e9 \u00e0 l&rsquo;\u00e9ducation du public et \u00e0 la r\u00e9duction des pr\u00e9occupations [li\u00e9es aux d\u00e9chets canins] dans nos parcs. \u00bb \u2013 Ville d&rsquo;Halifax<\/p>\n\n\n\n<div class=\"wp-block-buttons is-layout-flex wp-block-buttons-is-layout-flex\">\n<div class=\"wp-block-button\"><a class=\"wp-block-button__link wp-element-button\" href=\"https:\/\/practica.ca\/testimonials\/\">En savoir plus<\/a><\/div>\n<\/div>\n<\/div><\/div><\/div>\n\n<p><\/p>\n","protected":false},"excerpt":{"rendered":"<p>SOLUTIONS D&rsquo;\u00c9LIMINATION DES D\u00c9CHETS CANINS Desservant plus de 400 communaut\u00e9s \u00e0 travers le Canada, de Whitehorse \u00e0 St. Johns, Practica fournit des produits d&rsquo;\u00e9limination des d\u00e9chets canins de qualit\u00e9 depuis plus de 20 ans. Cliquez ci-dessous pour commander\/acheter maintenant Sacs \u00e0 excr\u00e9ments pour chiens Station de gestion des d\u00e9chets canins Distributeur de sacs \u00e0 excr\u00e9ments [&hellip;]<\/p>\n","protected":false},"author":3,"featured_media":0,"parent":0,"menu_order":0,"comment_status":"closed","ping_status":"closed","template":"","meta":{"_genesis_hide_title":false,"_genesis_hide_breadcrumbs":false,"_genesis_hide_singular_image":false,"_genesis_hide_footer_widgets":false,"_genesis_custom_body_class":"","_genesis_custom_post_class":"","_genesis_layout":"","footnotes":""},"class_list":{"0":"post-487","1":"page","2":"type-page","3":"status-publish","5":"entry"},"featured_image_src":null,"featured_image_src_square":null,"jetpack_sharing_enabled":true,"_links":{"self":[{"href":"https:\/\/practica.ca\/fr\/wp-json\/wp\/v2\/pages\/487","targetHints":{"allow":["GET"]}}],"collection":[{"href":"https:\/\/practica.ca\/fr\/wp-json\/wp\/v2\/pages"}],"about":[{"href":"https:\/\/practica.ca\/fr\/wp-json\/wp\/v2\/types\/page"}],"author":[{"embeddable":true,"href":"https:\/\/practica.ca\/fr\/wp-json\/wp\/v2\/users\/3"}],"replies":[{"embeddable":true,"href":"https:\/\/practica.ca\/fr\/wp-json\/wp\/v2\/comments?post=487"}],"version-history":[{"count":1,"href":"https:\/\/practica.ca\/fr\/wp-json\/wp\/v2\/pages\/487\/revisions"}],"predecessor-version":[{"id":488,"href":"https:\/\/practica.ca\/fr\/wp-json\/wp\/v2\/pages\/487\/revisions\/488"}],"wp:attachment":[{"href":"https:\/\/practica.ca\/fr\/wp-json\/wp\/v2\/media?parent=487"}],"curies":[{"name":"wp","href":"https:\/\/api.w.org\/{rel}","templated":true}]}}