{"id":482,"date":"2025-09-02T11:33:55","date_gmt":"2025-09-02T15:33:55","guid":{"rendered":"https:\/\/practica.staging.peaceworks.ca\/contacte-nous\/"},"modified":"2026-04-10T09:26:11","modified_gmt":"2026-04-10T13:26:11","slug":"contacte-nous","status":"publish","type":"page","link":"https:\/\/practica.ca\/fr\/contacte-nous\/","title":{"rendered":"Contacte-nous"},"content":{"rendered":"\n<div class=\"wp-block-columns is-layout-flex wp-container-core-columns-is-layout-9d6595d7 wp-block-columns-is-layout-flex\">\n<div class=\"wp-block-column is-layout-flow wp-block-column-is-layout-flow\" style=\"flex-basis:20%\">\n<figure class=\"wp-block-image size-full\"><img loading=\"lazy\" decoding=\"async\" width=\"79\" height=\"79\" src=\"https:\/\/practica.ca\/wp-content\/uploads\/phone-icon.png.webp\" alt=\"\" class=\"wp-image-165\"\/><\/figure>\n<\/div>\n\n\n\n<div class=\"wp-block-column is-layout-flow wp-block-column-is-layout-flow\" style=\"flex-basis:20%\">\n<p class=\"has-black-color has-text-color has-link-color wp-elements-c43cc7886bd42ce562a55869f06f8327\"><strong>Bureau<\/strong><br>519-624-9001<\/p>\n<\/div>\n\n\n\n<div class=\"wp-block-column is-layout-flow wp-block-column-is-layout-flow\" style=\"flex-basis:20%\">\n<p class=\"has-black-color has-text-color has-link-color wp-elements-5858e2123afca0734edacaa34a6ee14d\"><strong>Sans frais<\/strong><br>1-866-819-5559<\/p>\n<\/div>\n\n\n\n<div class=\"wp-block-column is-layout-flow wp-block-column-is-layout-flow\" style=\"flex-basis:20%\">\n<p class=\"has-black-color has-text-color has-link-color wp-elements-48fed38769ecb3a866cd8fc91ce6a14e\"><strong>T\u00e9l\u00e9copieur<\/strong><br>519-624-0021<\/p>\n<\/div>\n\n\n\n<div class=\"wp-block-column is-layout-flow wp-block-column-is-layout-flow\" style=\"flex-basis:20%\">\n<p class=\"has-black-color has-text-color has-link-color wp-elements-49a3f588557253c9f90bbd248e4a0661\"><strong>Courriel :<\/strong><br>info@practica.ca<\/p>\n<\/div>\n<\/div>\n\n\n\n<div class=\"wp-block-columns is-layout-flex wp-container-core-columns-is-layout-9d6595d7 wp-block-columns-is-layout-flex\">\n<div class=\"wp-block-column is-layout-flow wp-block-column-is-layout-flow\" style=\"flex-basis:66.66%\">\n<div class=\"wp-block-columns is-layout-flex wp-container-core-columns-is-layout-9d6595d7 wp-block-columns-is-layout-flex\">\n<div class=\"wp-block-column is-layout-flow wp-block-column-is-layout-flow\">\n<h3 class=\"wp-block-heading\">Carolyn<\/h3>\n\n\n\n<figure class=\"wp-block-image size-full\"><img loading=\"lazy\" decoding=\"async\" width=\"214\" height=\"300\" src=\"https:\/\/practica.ca\/wp-content\/uploads\/Carolyn-214x300.jpg.webp\" alt=\"\" class=\"wp-image-171\"\/><\/figure>\n\n\n\n<p><a href=\"mailto:carolyn@practica.ca\">carolyn@practica.ca<\/a><\/p>\n<\/div>\n\n\n\n<div class=\"wp-block-column is-layout-flow wp-block-column-is-layout-flow\">\n<h3 class=\"wp-block-heading\">Leah<\/h3>\n\n\n\n<figure class=\"wp-block-image size-full\"><img loading=\"lazy\" decoding=\"async\" width=\"214\" height=\"300\" src=\"https:\/\/practica.ca\/wp-content\/uploads\/Leah-214x300.jpg.webp\" alt=\"\" class=\"wp-image-172\"\/><\/figure>\n\n\n\n<p><a href=\"mailto:leah@practica.ca\">leah@practica.ca<\/a><\/p>\n<\/div>\n\n\n\n<div class=\"wp-block-column is-layout-flow wp-block-column-is-layout-flow\">\n<h3 class=\"wp-block-heading\">Ekke<\/h3>\n\n\n\n<figure class=\"wp-block-image size-full\"><img loading=\"lazy\" decoding=\"async\" width=\"215\" height=\"300\" src=\"https:\/\/practica.ca\/wp-content\/uploads\/Ekke-215x300.jpg.webp\" alt=\"\" class=\"wp-image-173\"\/><\/figure>\n\n\n\n<p><a href=\"mailto:ekke@practica.ca\">ekke@practica.ca<\/a><\/p>\n<\/div>\n<\/div>\n\n\n\n<iframe src=\"https:\/\/www.google.com\/maps\/embed?pb=!1m18!1m12!1m3!1d5800.284282761008!2d-80.28307018719309!3d43.3740518703187!2m3!1f0!2f0!3f0!3m2!1i1024!2i768!4f13.1!3m3!1m2!1s0x882c77dce0c5ff1b%3A0xecd1a38241335e17!2sPractica%20Ltd.!5e0!3m2!1sen!2sca!4v1756837592037!5m2!1sen!2sca\" width=\"100%\" height=\"300\" style=\"border:0;\" allowfullscreen=\"\" loading=\"lazy\" referrerpolicy=\"no-referrer-when-downgrade\"><\/iframe>\n\n\n\n<h2 class=\"wp-block-heading\">Contacte-nous<\/h2>\n\n\n<style id=\"wpforms-css-vars-175-block-27f06d2f-ebcf-4852-b81c-e088e0ce7de7\">\n\t\t\t\t#wpforms-175.wpforms-block-27f06d2f-ebcf-4852-b81c-e088e0ce7de7 {\n\t\t\t\t--wpforms-field-size-input-height: 43px;\n--wpforms-field-size-input-spacing: 15px;\n--wpforms-field-size-font-size: 16px;\n--wpforms-field-size-line-height: 19px;\n--wpforms-field-size-padding-h: 14px;\n--wpforms-field-size-checkbox-size: 16px;\n--wpforms-field-size-sublabel-spacing: 5px;\n--wpforms-field-size-icon-size: 1;\n--wpforms-label-size-font-size: 16px;\n--wpforms-label-size-line-height: 19px;\n--wpforms-label-size-sublabel-font-size: 14px;\n--wpforms-label-size-sublabel-line-height: 17px;\n--wpforms-button-size-font-size: 17px;\n--wpforms-button-size-height: 41px;\n--wpforms-button-size-padding-h: 15px;\n--wpforms-button-size-margin-top: 10px;\n\t\t\t}\n\t\t\t<\/style><div class=\"wpforms-container wpforms-container-full wpforms-block wpforms-block-27f06d2f-ebcf-4852-b81c-e088e0ce7de7 wpforms-render-modern\" id=\"wpforms-175\"><form id=\"wpforms-form-175\" class=\"wpforms-validate wpforms-form wpforms-ajax-form\" data-formid=\"175\" method=\"post\" enctype=\"multipart\/form-data\" action=\"\/fr\/wp-json\/wp\/v2\/pages\/482\" data-token=\"9477b3680c17162c23cc9bf79781a8b9\" data-token-time=\"1775851504\"><noscript class=\"wpforms-error-noscript\">Veuillez activer JavaScript dans votre navigateur pour remplir ce formulaire.<\/noscript><div id=\"wpforms-error-noscript\" style=\"display: none;\">Veuillez activer JavaScript dans votre navigateur pour remplir ce formulaire.<\/div><div class=\"wpforms-field-container\"><div id=\"wpforms-175-field_1-container\" class=\"wpforms-field wpforms-field-name\" data-field-id=\"1\"><fieldset><legend class=\"wpforms-field-label\">Nom <span class=\"wpforms-required-label\" aria-hidden=\"true\">*<\/span><\/legend><div class=\"wpforms-field-row wpforms-field-medium\"><div class=\"wpforms-field-row-block wpforms-first wpforms-one-half\"><input type=\"text\" id=\"wpforms-175-field_1\" class=\"wpforms-field-name-first wpforms-field-required\" name=\"wpforms[fields][1][first]\" aria-errormessage=\"wpforms-175-field_1-error\" required><label for=\"wpforms-175-field_1\" class=\"wpforms-field-sublabel after\">Pr\u00e9nom<\/label><\/div><div class=\"wpforms-field-row-block wpforms-one-half\"><input type=\"text\" id=\"wpforms-175-field_1-last\" class=\"wpforms-field-name-last wpforms-field-required\" name=\"wpforms[fields][1][last]\" aria-errormessage=\"wpforms-175-field_1-last-error\" required><label for=\"wpforms-175-field_1-last\" class=\"wpforms-field-sublabel after\">Nom<\/label><\/div><\/div><\/fieldset><\/div><div id=\"wpforms-175-field_2-container\" class=\"wpforms-field wpforms-field-email\" data-field-id=\"2\"><label class=\"wpforms-field-label\" for=\"wpforms-175-field_2\">E-mail <span class=\"wpforms-required-label\" aria-hidden=\"true\">*<\/span><\/label><input type=\"email\" id=\"wpforms-175-field_2\" class=\"wpforms-field-medium wpforms-field-required\" name=\"wpforms[fields][2]\" spellcheck=\"false\" aria-errormessage=\"wpforms-175-field_2-error\" required><\/div><div id=\"wpforms-175-field_4-container\" class=\"wpforms-field wpforms-field-text\" data-field-id=\"4\"><label class=\"wpforms-field-label\" for=\"wpforms-175-field_4\">Code postal<\/label><input type=\"text\" id=\"wpforms-175-field_4\" class=\"wpforms-field-medium\" name=\"wpforms[fields][4]\" aria-errormessage=\"wpforms-175-field_4-error\" ><\/div><div id=\"wpforms-175-field_5-container\" class=\"wpforms-field wpforms-field-select wpforms-field-select-style-classic\" data-field-id=\"5\"><label class=\"wpforms-field-label wpforms-label-hide\" for=\"wpforms-175-field_5\" aria-hidden=\"false\">Menu d\u00e9roulant<\/label><select id=\"wpforms-175-field_5\" class=\"wpforms-field-medium\" name=\"wpforms[fields][5]\"><option value=\"Particulier\"  class=\"choice-1 depth-1\"  >Particulier<\/option><option value=\"Municipalit\u00e9\"  class=\"choice-2 depth-1\"  >Municipalit\u00e9<\/option><option value=\"Ville\"  class=\"choice-3 depth-1\"  >Ville<\/option><option value=\"Gestionnaire immobilier\"  class=\"choice-4 depth-1\"  >Gestionnaire immobilier<\/option><option value=\"Syndicat de copropri\u00e9t\u00e9\"  class=\"choice-5 depth-1\"  >Syndicat de copropri\u00e9t\u00e9<\/option><option value=\"V\u00e9t\u00e9rinaire\"  class=\"choice-6 depth-1\"  >V\u00e9t\u00e9rinaire<\/option><option value=\"Garderie pour chiens\"  class=\"choice-7 depth-1\"  >Garderie pour chiens<\/option><option value=\"Sentiers\/Parc \u00e0 chiens\"  class=\"choice-8 depth-1\"  >Sentiers\/Parc \u00e0 chiens<\/option><option value=\"Terrain de camping\/H\u00f4tel\/Motel\"  class=\"choice-9 depth-1\"  >Terrain de camping\/H\u00f4tel\/Motel<\/option><\/select><\/div>\t\t<div id=\"wpforms-175-field_6-container\"\n\t\t\tclass=\"wpforms-field wpforms-field-text\"\n\t\t\tdata-field-type=\"text\"\n\t\t\tdata-field-id=\"6\"\n\t\t\t>\n\t\t\t<label class=\"wpforms-field-label\" for=\"wpforms-175-field_6\" >Commentaire ou d\u00e9roulant<\/label>\n\t\t\t<input type=\"text\" id=\"wpforms-175-field_6\" class=\"wpforms-field-medium\" name=\"wpforms[fields][6]\" >\n\t\t<\/div>\n\t\t<div id=\"wpforms-175-field_3-container\" class=\"wpforms-field wpforms-field-textarea\" data-field-id=\"3\"><label class=\"wpforms-field-label\" for=\"wpforms-175-field_3\">Commentaire ou message<\/label><textarea id=\"wpforms-175-field_3\" class=\"wpforms-field-medium\" name=\"wpforms[fields][3]\" aria-errormessage=\"wpforms-175-field_3-error\" ><\/textarea><\/div><script>\n\t\t\t\t( function() {\n\t\t\t\t\tconst style = document.createElement( 'style' );\n\t\t\t\t\tstyle.appendChild( document.createTextNode( '#wpforms-175-field_6-container { position: absolute !important; overflow: hidden !important; display: inline !important; height: 1px !important; width: 1px !important; z-index: -1000 !important; padding: 0 !important; } #wpforms-175-field_6-container input { visibility: hidden; } #wpforms-conversational-form-page #wpforms-175-field_6-container label { counter-increment: none; }' ) );\n\t\t\t\t\tdocument.head.appendChild( style );\n\t\t\t\t\tdocument.currentScript?.remove();\n\t\t\t\t} )();\n\t\t\t<\/script><\/div><!-- .wpforms-field-container --><div class=\"wpforms-submit-container\" ><input type=\"hidden\" name=\"wpforms[id]\" value=\"175\"><input type=\"hidden\" name=\"page_title\" value=\"\"><input type=\"hidden\" name=\"page_url\" value=\"https:\/\/practica.ca\/fr\/wp-json\/wp\/v2\/pages\/482\"><input type=\"hidden\" name=\"url_referer\" value=\"\"><button type=\"submit\" name=\"wpforms[submit]\" id=\"wpforms-submit-175\" class=\"wpforms-submit\" data-alt-text=\"Envoi\u2026\" data-submit-text=\"Envoyer\" aria-live=\"assertive\" value=\"wpforms-submit\">Envoyer<\/button><img loading=\"lazy\" decoding=\"async\" src=\"https:\/\/practica.ca\/wp-content\/plugins\/wpforms-lite\/assets\/images\/submit-spin.svg\" class=\"wpforms-submit-spinner\" style=\"display: none;\" width=\"26\" height=\"26\" alt=\"Chargement en cours\"><\/div><\/form><\/div>  <!-- .wpforms-container --><\/div>\n\n\n\n<div class=\"wp-block-column is-layout-flow wp-block-column-is-layout-flow\" style=\"flex-basis:33.33%\">\n<h3 class=\"wp-block-heading\">Practica lt\u00e9e.<\/h3>\n\n\n\n<p>Unit 7, 402 Harmony Road,<br>Ayr, Ontario<br>N0B 1E0.<\/p>\n\n\n\n<p>T\u00e9l\u00e9phone : 519-624-9001<br>Sans frais : 1-866-819-5559<br>T\u00e9l\u00e9copieur : 519-624-0021<br>Courriel : <a href=\"mailto:info@practica.ca\">info@practica.ca<\/a><\/p>\n\n\n\n<h3 class=\"wp-block-heading\">L&rsquo;\u00e9quipe<\/h3>\n\n\n\n<p>Carolyn | <a href=\"mailto:carolyn@practica.ca\">carolyn@practica.ca<\/a><br>Leah | <a href=\"mailto:leah@practica.ca\">leah@practica.ca<\/a><br>Ekke | <a href=\"mailto:ekke@practica.ca\">ekke@practica.ca<\/a><\/p>\n\n\n\n<h3 class=\"wp-block-heading\">Heures d&rsquo;ouverture<\/h3>\n\n\n\n<p>Les heures d&rsquo;ouverture sont de 9 h 00 \u00e0 17 h 00 HNE du lundi au vendredi (sauf les jours f\u00e9ri\u00e9s)<\/p>\n\n\n\n<h3 class=\"wp-block-heading\">Pour le service en fran\u00e7ais :<\/h3>\n\n\n\n<figure class=\"wp-block-image size-full\"><img loading=\"lazy\" decoding=\"async\" width=\"300\" height=\"90\" src=\"https:\/\/practica.ca\/wp-content\/uploads\/L_Techsport-300x90-1.webp\" alt=\"\" class=\"wp-image-168\"\/><\/figure>\n\n\n\n<p>Techsport Inc.<br>4994, route 125,<br>Rawdon, QC J0K 1S0<br>T\u00e9l\u00e9phone : 450-834-3222<br>Sans frais : 1-800-361-9463<br>T\u00e9l\u00e9copieur : 450-834-6660<br>Courriel : <a href=\"mailto:info@techsport.ca\">info@techsport.ca<\/a><br>Site Web : <a href=\"http:\/\/techsport.ca\">http:\/\/techsport.ca<\/a><\/p>\n<\/div>\n<\/div>\n\n\n\n<p><\/p>\n","protected":false},"excerpt":{"rendered":"<p>Bureau519-624-9001 Sans frais1-866-819-5559 T\u00e9l\u00e9copieur519-624-0021 Courriel :info@practica.ca Carolyn carolyn@practica.ca Leah leah@practica.ca Ekke ekke@practica.ca Contacte-nous Practica lt\u00e9e. Unit 7, 402 Harmony Road,Ayr, OntarioN0B 1E0. T\u00e9l\u00e9phone : 519-624-9001Sans frais : 1-866-819-5559T\u00e9l\u00e9copieur : 519-624-0021Courriel : info@practica.ca L&rsquo;\u00e9quipe Carolyn | carolyn@practica.caLeah | leah@practica.caEkke | ekke@practica.ca Heures d&rsquo;ouverture Les heures d&rsquo;ouverture sont de 9 h 00 \u00e0 17 h 00 HNE [&hellip;]<\/p>\n","protected":false},"author":3,"featured_media":477,"parent":0,"menu_order":0,"comment_status":"closed","ping_status":"closed","template":"","meta":{"_genesis_hide_title":false,"_genesis_hide_breadcrumbs":false,"_genesis_hide_singular_image":false,"_genesis_hide_footer_widgets":false,"_genesis_custom_body_class":"","_genesis_custom_post_class":"","_genesis_layout":"","footnotes":""},"class_list":{"0":"post-482","1":"page","2":"type-page","3":"status-publish","4":"has-post-thumbnail","6":"entry"},"featured_image_src":"https:\/\/practica.ca\/wp-content\/uploads\/contact-banner-600x240.webp","featured_image_src_square":"https:\/\/practica.ca\/wp-content\/uploads\/contact-banner-600x240.webp","_links":{"self":[{"href":"https:\/\/practica.ca\/fr\/wp-json\/wp\/v2\/pages\/482","targetHints":{"allow":["GET"]}}],"collection":[{"href":"https:\/\/practica.ca\/fr\/wp-json\/wp\/v2\/pages"}],"about":[{"href":"https:\/\/practica.ca\/fr\/wp-json\/wp\/v2\/types\/page"}],"author":[{"embeddable":true,"href":"https:\/\/practica.ca\/fr\/wp-json\/wp\/v2\/users\/3"}],"replies":[{"embeddable":true,"href":"https:\/\/practica.ca\/fr\/wp-json\/wp\/v2\/comments?post=482"}],"version-history":[{"count":2,"href":"https:\/\/practica.ca\/fr\/wp-json\/wp\/v2\/pages\/482\/revisions"}],"predecessor-version":[{"id":1910,"href":"https:\/\/practica.ca\/fr\/wp-json\/wp\/v2\/pages\/482\/revisions\/1910"}],"wp:featuredmedia":[{"embeddable":true,"href":"https:\/\/practica.ca\/fr\/wp-json\/wp\/v2\/media\/477"}],"wp:attachment":[{"href":"https:\/\/practica.ca\/fr\/wp-json\/wp\/v2\/media?parent=482"}],"curies":[{"name":"wp","href":"https:\/\/api.w.org\/{rel}","templated":true}]}}