{"id":475,"date":"2025-09-02T11:32:51","date_gmt":"2025-09-02T15:32:51","guid":{"rendered":"https:\/\/practica.staging.peaceworks.ca\/villes-et-municipalites\/"},"modified":"2025-09-22T11:19:23","modified_gmt":"2025-09-22T15:19:23","slug":"villes-et-municipalites","status":"publish","type":"page","link":"https:\/\/practica.ca\/fr\/villes-et-municipalites\/","title":{"rendered":"Villes et municipalit\u00e9s"},"content":{"rendered":"\n<div class=\"wp-block-columns is-layout-flex wp-container-core-columns-is-layout-9d6595d7 wp-block-columns-is-layout-flex\">\n<div class=\"wp-block-column is-vertically-aligned-center is-layout-flow wp-block-column-is-layout-flow\">\n<h2 class=\"wp-block-heading\">PUBLICIT\u00c9 AVEC LES SOLUTIONS D&rsquo;\u00c9LIMINATION DES D\u00c9CHETS CANINS PRACTICA :<\/h2>\n\n\n\n<p>Le distributeur de sacs pour chiens commandit\u00e9 de Practica offre la possibilit\u00e9 d&rsquo;\u00e9duquer le public, d&rsquo;afficher des avis publics, de promouvoir des \u00e9v\u00e9nements et de s&rsquo;associer \u00e0 d&rsquo;autres organismes communautaires, tout en offrant la possibilit\u00e9 de g\u00e9n\u00e9rer des revenus pour les efforts locaux.<\/p>\n\n\n\n<div class=\"wp-block-buttons is-content-justification-left is-layout-flex wp-container-core-buttons-is-layout-fdcfc74e wp-block-buttons-is-layout-flex\">\n<div class=\"wp-block-button\"><a class=\"wp-block-button__link has-orange-background-color has-background has-large-font-size has-custom-font-size wp-element-button\" href=\"https:\/\/practica.ca\/wp-content\/uploads\/PRA_19_Advertising_Final_Web.pdf\" target=\"_blank\" rel=\"noreferrer noopener\">Voir la brochure compl\u00e8te<\/a><\/div>\n<\/div>\n\n\n\n<p><a href=\"https:\/\/practica.ca\/wp-content\/uploads\/2019\/09\/PRA_19_Advertising_Final_Web.pdf\" target=\"_blank\" rel=\"noreferrer noopener\"><\/a><\/p>\n<\/div>\n\n\n\n<div class=\"wp-block-column is-vertically-aligned-center is-layout-flow wp-block-column-is-layout-flow\"><div class=\"wp-block-image\">\n<figure class=\"aligncenter size-full\"><a href=\"https:\/\/practica.ca\/wp-content\/uploads\/PRA_19_Advertising_Final_Web.pdf\" target=\"_blank\" rel=\" noreferrer noopener\"><img loading=\"lazy\" decoding=\"async\" width=\"512\" height=\"588\" src=\"https:\/\/practica.ca\/wp-content\/uploads\/ad-full-brochure.webp\" alt=\"\" class=\"wp-image-181\" srcset=\"https:\/\/practica.ca\/wp-content\/uploads\/ad-full-brochure.webp 512w, https:\/\/practica.ca\/wp-content\/uploads\/ad-full-brochure-261x300.webp 261w\" sizes=\"auto, (max-width: 512px) 100vw, 512px\" \/><\/a><\/figure>\n<\/div>\n\n\n<div style=\"background-color:#eb9023\" class=\"wp-block-genesis-blocks-gb-container gb-block-container\"><div class=\"gb-container-inside\"><div class=\"gb-container-content\"><\/div><\/div><\/div>\n<\/div>\n<\/div>\n\n<div class=\"wp-block-columns is-layout-flex wp-container-core-columns-is-layout-9d6595d7 wp-block-columns-is-layout-flex\">\n<div class=\"wp-block-column is-layout-flow wp-block-column-is-layout-flow\">\n<h3 class=\"wp-block-heading\">Caract\u00e9ristiques de la publicit\u00e9 du distributeur commandit\u00e9<\/h3>\n\n\n\n<ul class=\"wp-block-list\">\n<li>Le distributeur commandit\u00e9 de Practica est dot\u00e9 d&rsquo;un cadre m\u00e9tallique soud\u00e9 sur le devant mesurant environ 13 cm x 18 cm (5 po x 7 po), avec un espace publicitaire prot\u00e9g\u00e9 par du plexiglas.<\/li>\n\n\n\n<li>Le cadre se d\u00e9tache facilement de l&rsquo;int\u00e9rieur du distributeur afin que les informations publicitaires puissent \u00eatre ins\u00e9r\u00e9es facilement<\/li>\n\n\n\n<li>La serrure de l&rsquo;unit\u00e9 n&rsquo;est accessible qu&rsquo;avec la cl\u00e9 du propri\u00e9taire, de sorte que les publicit\u00e9s et les avis sont prot\u00e9g\u00e9s contre toute utilisation abusive<\/li>\n<\/ul>\n\n\n\n<figure class=\"wp-block-image size-full\"><img loading=\"lazy\" decoding=\"async\" width=\"1024\" height=\"1024\" src=\"https:\/\/practica.ca\/wp-content\/uploads\/sponsoring_dispenser_b_g.webp\" alt=\"\" class=\"wp-image-183\" srcset=\"https:\/\/practica.ca\/wp-content\/uploads\/sponsoring_dispenser_b_g.webp 1024w, https:\/\/practica.ca\/wp-content\/uploads\/sponsoring_dispenser_b_g-530x530.webp 530w, https:\/\/practica.ca\/wp-content\/uploads\/sponsoring_dispenser_b_g-180x180.webp 180w, https:\/\/practica.ca\/wp-content\/uploads\/sponsoring_dispenser_b_g-720x720.webp 720w, https:\/\/practica.ca\/wp-content\/uploads\/sponsoring_dispenser_b_g-300x300.webp 300w, https:\/\/practica.ca\/wp-content\/uploads\/sponsoring_dispenser_b_g-150x150.webp 150w, https:\/\/practica.ca\/wp-content\/uploads\/sponsoring_dispenser_b_g-768x768.webp 768w, https:\/\/practica.ca\/wp-content\/uploads\/sponsoring_dispenser_b_g-80x80.webp 80w, https:\/\/practica.ca\/wp-content\/uploads\/sponsoring_dispenser_b_g-600x600.webp 600w\" sizes=\"auto, (max-width: 1024px) 100vw, 1024px\" \/><\/figure>\n<\/div>\n\n\n\n<div class=\"wp-block-column is-layout-flow wp-block-column-is-layout-flow\">\n<h3 class=\"wp-block-heading\">Faites en sorte que vos distributeurs et poubelles commandit\u00e9s travaillent pour vous<\/h3>\n\n\n\n<ul class=\"wp-block-list\">\n<li><strong>\u00c9duquez le public\u00a0:<\/strong> Utilisez l&rsquo;espace publicitaire pour sensibiliser les propri\u00e9taires d&rsquo;animaux et les utilisateurs des parcs \u00e0 la possession responsable d&rsquo;animaux de compagnie, \u00e0 l&rsquo;\u00e9limination appropri\u00e9e des d\u00e9chets canins, \u00e0 l&rsquo;octroi de licences pour chiens et aux \u00e9v\u00e9nements communautaires<\/li>\n\n\n\n<li><strong>Soutenez les efforts d&rsquo;octroi de licences pour chiens\u00a0:<\/strong> De nombreux propri\u00e9taires de chiens ne sont pas conscients de l&rsquo;importance de faire enregistrer leurs animaux de compagnie pour assurer leur s\u00e9curit\u00e9 et leur sant\u00e9. Sensibilisez les propri\u00e9taires d&rsquo;animaux aux avantages de l&rsquo;octroi de licences\u00a0: s&rsquo;assurer que les chiens sont en bonne sant\u00e9 et vaccin\u00e9s, que les personnes peuvent prouver la propri\u00e9t\u00e9 des animaux et que les animaux perdus sont restitu\u00e9s \u00e0 leurs propri\u00e9taires. La promotion de la valeur des licences pour chiens peut non seulement contribuer \u00e0 accro\u00eetre la conformit\u00e9 aux r\u00e9glementations municipales, mais aussi \u00e0 augmenter le financement pour aider \u00e0 couvrir le co\u00fbt des am\u00e9liorations des parcs, le financement des services animaliers et la couverture du co\u00fbt des distributeurs et des sacs de ramassage pour chiens suppl\u00e9mentaires pour desservir la communaut\u00e9.<\/li>\n\n\n\n<li><strong>G\u00e9n\u00e9rez des revenus\u00a0:<\/strong> percevez des frais de publicit\u00e9 en vendant de l&rsquo;espace sur les distributeurs commandit\u00e9s pour des montants qui vous conviennent<\/li>\n\n\n\n<li><strong>Partenariat avec des organismes communautaires\u00a0:<\/strong> Offrez des possibilit\u00e9s d&rsquo;efforts de coop\u00e9ration pour promouvoir le d\u00e9veloppement communautaire<\/li>\n<\/ul>\n<\/div>\n<\/div>\n\n<h2 class=\"wp-block-heading has-text-align-center\">Dans un sondage aupr\u00e8s des utilisateurs de leur parc, ils ont constat\u00e9 que\u00a0:<\/h2>\n\n<div class=\"wp-block-columns is-layout-flex wp-container-core-columns-is-layout-9d6595d7 wp-block-columns-is-layout-flex\">\n<div class=\"wp-block-column is-layout-flow wp-block-column-is-layout-flow\"><div class=\"wp-block-image\">\n<figure class=\"aligncenter size-full\"><img loading=\"lazy\" decoding=\"async\" width=\"100\" height=\"100\" src=\"https:\/\/practica.ca\/wp-content\/uploads\/icon-poop-bag.webp\" alt=\"\" class=\"wp-image-184\" srcset=\"https:\/\/practica.ca\/wp-content\/uploads\/icon-poop-bag.webp 100w, https:\/\/practica.ca\/wp-content\/uploads\/icon-poop-bag-80x80.webp 80w\" sizes=\"auto, (max-width: 100px) 100vw, 100px\" \/><\/figure>\n<\/div>\n\n\n<h2 class=\"wp-block-heading has-text-align-center has-blue-color has-text-color has-link-color wp-elements-237a9b8f09167ef042f8692a91d20bd4\">85%<\/h2>\n\n\n\n<p class=\"has-text-align-center\">ont d\u00e9clar\u00e9 qu&rsquo;ils ramassaient toujours apr\u00e8s leurs chiens<\/p>\n<\/div>\n\n\n\n<div class=\"wp-block-column is-layout-flow wp-block-column-is-layout-flow\"><div class=\"wp-block-image\">\n<figure class=\"aligncenter size-full\"><img loading=\"lazy\" decoding=\"async\" width=\"100\" height=\"100\" src=\"https:\/\/practica.ca\/wp-content\/uploads\/icon-person-dog-poop.webp\" alt=\"\" class=\"wp-image-185\" srcset=\"https:\/\/practica.ca\/wp-content\/uploads\/icon-person-dog-poop.webp 100w, https:\/\/practica.ca\/wp-content\/uploads\/icon-person-dog-poop-80x80.webp 80w\" sizes=\"auto, (max-width: 100px) 100vw, 100px\" \/><\/figure>\n<\/div>\n\n\n<h2 class=\"wp-block-heading has-text-align-center has-blue-color has-text-color has-link-color wp-elements-f6ab01cd00357208d8d5b02035a3cce2\">71%<\/h2>\n\n\n\n<p class=\"has-text-align-center\">ont remarqu\u00e9 que les autres utilisateurs du parc ramassaient plus souvent apr\u00e8s leurs chiens<\/p>\n<\/div>\n\n\n\n<div class=\"wp-block-column is-layout-flow wp-block-column-is-layout-flow\"><div class=\"wp-block-image\">\n<figure class=\"aligncenter size-full\"><img loading=\"lazy\" decoding=\"async\" width=\"100\" height=\"100\" src=\"https:\/\/practica.ca\/wp-content\/uploads\/icon-no-dog.webp\" alt=\"\" class=\"wp-image-186\" srcset=\"https:\/\/practica.ca\/wp-content\/uploads\/icon-no-dog.webp 100w, https:\/\/practica.ca\/wp-content\/uploads\/icon-no-dog-80x80.webp 80w\" sizes=\"auto, (max-width: 100px) 100vw, 100px\" \/><\/figure>\n<\/div>\n\n\n<h2 class=\"wp-block-heading has-text-align-center has-blue-color has-text-color has-link-color wp-elements-e045f032f1cf74b8ff47322b4f385685\">57%<\/h2>\n\n\n\n<p class=\"has-text-align-center\">ont constat\u00e9 que des panneaux \u00e9ducatifs humoristiques encourageaient les gens \u00e0 ramasser apr\u00e8s leurs chiens<\/p>\n<\/div>\n<\/div>\n\n<h2 class=\"wp-block-heading has-text-align-center\">ESSAI GRATUIT<\/h2>\n\n<p class=\"has-text-align-center\">Vous n&rsquo;avez pas encore essay\u00e9 les produits d&rsquo;\u00e9limination des d\u00e9chets canins de Practica\u00a0?<br\/>\u00cates-vous int\u00e9ress\u00e9 \u00e0 installer un distributeur de sacs \u00e0 d\u00e9chets canins dans votre parc le plus achaland\u00e9 pour tester les r\u00e9sultats\u00a0?<br\/><a href=\"https:\/\/practica.ca\/contact-us\/\" data-type=\"page\" data-id=\"144\">Contactez-nous\u00a0!<\/a> Nous sommes heureux de discuter d&rsquo;une p\u00e9riode d&rsquo;essai pour le distributeur et les sacs de Practica.<br\/>Nous sommes convaincus que vous serez satisfait des r\u00e9sultats et que vous profiterez des avantages d&rsquo;une communaut\u00e9 plus propre<\/p>\n\n<p><\/p>\n","protected":false},"excerpt":{"rendered":"<p>PUBLICIT\u00c9 AVEC LES SOLUTIONS D&rsquo;\u00c9LIMINATION DES D\u00c9CHETS CANINS PRACTICA : Le distributeur de sacs pour chiens commandit\u00e9 de Practica offre la possibilit\u00e9 d&rsquo;\u00e9duquer le public, d&rsquo;afficher des avis publics, de promouvoir des \u00e9v\u00e9nements et de s&rsquo;associer \u00e0 d&rsquo;autres organismes communautaires, tout en offrant la possibilit\u00e9 de g\u00e9n\u00e9rer des revenus pour les efforts locaux. Caract\u00e9ristiques de [&hellip;]<\/p>\n","protected":false},"author":3,"featured_media":474,"parent":0,"menu_order":0,"comment_status":"closed","ping_status":"closed","template":"","meta":{"_genesis_hide_title":false,"_genesis_hide_breadcrumbs":false,"_genesis_hide_singular_image":false,"_genesis_hide_footer_widgets":false,"_genesis_custom_body_class":"","_genesis_custom_post_class":"","_genesis_layout":"","footnotes":""},"class_list":{"0":"post-475","1":"page","2":"type-page","3":"status-publish","4":"has-post-thumbnail","6":"entry"},"featured_image_src":"https:\/\/practica.ca\/wp-content\/uploads\/municipalities-banner-600x240.webp","featured_image_src_square":"https:\/\/practica.ca\/wp-content\/uploads\/municipalities-banner-600x240.webp","_links":{"self":[{"href":"https:\/\/practica.ca\/fr\/wp-json\/wp\/v2\/pages\/475","targetHints":{"allow":["GET"]}}],"collection":[{"href":"https:\/\/practica.ca\/fr\/wp-json\/wp\/v2\/pages"}],"about":[{"href":"https:\/\/practica.ca\/fr\/wp-json\/wp\/v2\/types\/page"}],"author":[{"embeddable":true,"href":"https:\/\/practica.ca\/fr\/wp-json\/wp\/v2\/users\/3"}],"replies":[{"embeddable":true,"href":"https:\/\/practica.ca\/fr\/wp-json\/wp\/v2\/comments?post=475"}],"version-history":[{"count":1,"href":"https:\/\/practica.ca\/fr\/wp-json\/wp\/v2\/pages\/475\/revisions"}],"predecessor-version":[{"id":479,"href":"https:\/\/practica.ca\/fr\/wp-json\/wp\/v2\/pages\/475\/revisions\/479"}],"wp:featuredmedia":[{"embeddable":true,"href":"https:\/\/practica.ca\/fr\/wp-json\/wp\/v2\/media\/474"}],"wp:attachment":[{"href":"https:\/\/practica.ca\/fr\/wp-json\/wp\/v2\/media?parent=475"}],"curies":[{"name":"wp","href":"https:\/\/api.w.org\/{rel}","templated":true}]}}