{"id":467,"date":"2025-09-02T11:33:40","date_gmt":"2025-09-02T15:33:40","guid":{"rendered":"https:\/\/practica.staging.peaceworks.ca\/a-propos-de-nous\/"},"modified":"2025-09-22T11:18:40","modified_gmt":"2025-09-22T15:18:40","slug":"a-propos-de-nous","status":"publish","type":"page","link":"https:\/\/practica.ca\/fr\/a-propos-de-nous\/","title":{"rendered":"\u00c0 propos de nous"},"content":{"rendered":"\n<div class=\"wp-block-buttons is-content-justification-center is-layout-flex wp-container-core-buttons-is-layout-16018d1d wp-block-buttons-is-layout-flex\">\n<div class=\"wp-block-button has-custom-width wp-block-button__width-25\"><a class=\"wp-block-button__link has-orange-background-color has-background has-large-font-size has-custom-font-size wp-element-button\" href=\"#mission\">Notre mission et notre vision<\/a><\/div>\n\n\n\n<div class=\"wp-block-button has-custom-width wp-block-button__width-25\"><a class=\"wp-block-button__link has-orange-background-color has-background has-large-font-size has-custom-font-size wp-element-button\" href=\"#story\">Notre histoire<\/a><\/div>\n\n\n\n<div class=\"wp-block-button has-custom-width wp-block-button__width-25\"><a class=\"wp-block-button__link has-orange-background-color has-background has-large-font-size has-custom-font-size wp-element-button\" href=\"#team\">Notre \u00e9quipe<\/a><\/div>\n<\/div>\n\n<div style=\"height:100px\" aria-hidden=\"true\" class=\"wp-block-spacer\"><\/div>\n\n<div class=\"wp-block-columns is-layout-flex wp-container-core-columns-is-layout-9d6595d7 wp-block-columns-is-layout-flex\">\n<div class=\"wp-block-column is-layout-flow wp-block-column-is-layout-flow\" style=\"flex-basis:200px\">\n<div style=\"height:60px\" aria-hidden=\"true\" class=\"wp-block-spacer\"><\/div>\n\n\n\n<figure class=\"wp-block-image size-full\"><img loading=\"lazy\" decoding=\"async\" width=\"132\" height=\"132\" src=\"https:\/\/practica.ca\/wp-content\/uploads\/our-mission-paw.png\" alt=\"\" class=\"wp-image-218\" srcset=\"https:\/\/practica.ca\/wp-content\/uploads\/our-mission-paw.png 132w, https:\/\/practica.ca\/wp-content\/uploads\/our-mission-paw-80x80.png 80w\" sizes=\"auto, (max-width: 132px) 100vw, 132px\" \/><\/figure>\n<\/div>\n\n\n\n<div class=\"wp-block-column is-layout-flow wp-block-column-is-layout-flow\" style=\"flex-basis:100%\">\n<h2 class=\"wp-block-heading\" id=\"mission\">Notre mission<\/h2>\n\n\n\n<p>Contribuer \u00e0 un environnement plus propre et plus sain en fournissant une gamme de produits qui pr\u00e9sentent une solution compl\u00e8te aux d\u00e9chets canins.<\/p>\n\n\n\n<p>Fournir un service client sup\u00e9rieur et des produits de qualit\u00e9 faciles \u00e0 entretenir toute l&rsquo;ann\u00e9e, et qui contribuent \u00e0 faire de nos communaut\u00e9s des endroits magnifiques o\u00f9 vivre.<\/p>\n<\/div>\n\n\n\n<div class=\"wp-block-column is-vertically-aligned-center is-layout-flow wp-block-column-is-layout-flow\" style=\"flex-basis:420px\">\n<figure class=\"wp-block-image size-full\"><img loading=\"lazy\" decoding=\"async\" width=\"320\" height=\"321\" src=\"https:\/\/practica.ca\/wp-content\/uploads\/step-poop.webp\" alt=\"\" class=\"wp-image-217\" srcset=\"https:\/\/practica.ca\/wp-content\/uploads\/step-poop.webp 320w, https:\/\/practica.ca\/wp-content\/uploads\/step-poop-180x180.webp 180w, https:\/\/practica.ca\/wp-content\/uploads\/step-poop-300x300.webp 300w, https:\/\/practica.ca\/wp-content\/uploads\/step-poop-150x150.webp 150w, https:\/\/practica.ca\/wp-content\/uploads\/step-poop-80x80.webp 80w\" sizes=\"auto, (max-width: 320px) 100vw, 320px\" \/><\/figure>\n<\/div>\n<\/div>\n\n<div class=\"wp-block-columns is-layout-flex wp-container-core-columns-is-layout-9d6595d7 wp-block-columns-is-layout-flex\">\n<div class=\"wp-block-column is-layout-flow wp-block-column-is-layout-flow\" style=\"flex-basis:200px\">\n<div style=\"height:60px\" aria-hidden=\"true\" class=\"wp-block-spacer\"><\/div>\n\n\n\n<figure class=\"wp-block-image size-full\"><img loading=\"lazy\" decoding=\"async\" width=\"146\" height=\"77\" src=\"https:\/\/practica.ca\/wp-content\/uploads\/our-vision-eye.png\" alt=\"\" class=\"wp-image-223\"\/><\/figure>\n<\/div>\n\n\n\n<div class=\"wp-block-column is-layout-flow wp-block-column-is-layout-flow\" style=\"flex-basis:100%\">\n<h2 class=\"wp-block-heading\">Notre vision<\/h2>\n\n\n\n<p>Permettre aux clients de partout au Canada de cr\u00e9er et de maintenir des environnements propres, sains et s\u00fbrs pour tous en fournissant la solution Practica pour l&rsquo;\u00e9limination des d\u00e9chets canins.<\/p>\n<\/div>\n\n\n\n<div class=\"wp-block-column is-vertically-aligned-center is-layout-flow wp-block-column-is-layout-flow\" style=\"flex-basis:420px\">\n<figure class=\"wp-block-image size-full\"><img loading=\"lazy\" decoding=\"async\" width=\"320\" height=\"321\" src=\"https:\/\/practica.ca\/wp-content\/uploads\/poop-bag.webp\" alt=\"\" class=\"wp-image-224\" srcset=\"https:\/\/practica.ca\/wp-content\/uploads\/poop-bag.webp 320w, https:\/\/practica.ca\/wp-content\/uploads\/poop-bag-180x180.webp 180w, https:\/\/practica.ca\/wp-content\/uploads\/poop-bag-300x300.webp 300w, https:\/\/practica.ca\/wp-content\/uploads\/poop-bag-150x150.webp 150w, https:\/\/practica.ca\/wp-content\/uploads\/poop-bag-80x80.webp 80w\" sizes=\"auto, (max-width: 320px) 100vw, 320px\" \/><\/figure>\n<\/div>\n<\/div>\n\n<div style=\"background-color:#2b74b1;padding-bottom:5%;padding-top:5%;margin-top:10%;margin-bottom:10%\" class=\"wp-block-genesis-blocks-gb-container alignfull gb-block-container\"><div class=\"gb-container-inside\"><div class=\"gb-container-image-wrap\"><img decoding=\"async\" class=\"gb-container-image has-background-dim-100 has-background-dim\" src=\"https:\/\/practica.ca\/wp-content\/uploads\/blue-bg.webp\" alt=\"\"\/><\/div><div class=\"gb-container-content\" style=\"max-width:1200px\">\n<h2 class=\"wp-block-heading has-white-color has-text-color has-link-color wp-elements-c25fa59f96bb051801998485c2f24290\" id=\"story\">Notre histoire<\/h2>\n\n\n\n<div class=\"wp-block-columns are-vertically-aligned-top is-layout-flex wp-container-core-columns-is-layout-9d6595d7 wp-block-columns-is-layout-flex\">\n<div class=\"wp-block-column is-vertically-aligned-top is-layout-flow wp-block-column-is-layout-flow\">\n<p class=\"has-white-color has-text-color has-link-color wp-elements-f5644c2fa6eb8971d48d386613b09242\">Henry et Esther Strubin ont d\u00e9marr\u00e9 Practica en 1999, lorsqu&rsquo;ils ont d\u00e9m\u00e9nag\u00e9 au Canada depuis la Suisse avec leur chien, Fred le Beagle. Habitu\u00e9s \u00e0 avoir un acc\u00e8s facile aux sacs \u00e0 excr\u00e9ments et aux distributeurs dans les lieux publics en Suisse, ils ont \u00e9t\u00e9 surpris de constater qu&rsquo;il n&rsquo;y avait pas les m\u00eames options au Canada. Par cons\u00e9quent, ils ont d\u00e9velopp\u00e9 et brevet\u00e9 les produits d&rsquo;\u00e9limination des d\u00e9chets canins Practica, un syst\u00e8me simple pour contr\u00f4ler et \u00e9liminer les d\u00e9chets canins.<\/p>\n\n\n\n<p class=\"has-white-color has-text-color has-link-color wp-elements-077e6eb1b28c5027ca7626f7f2827929\">Les clients peuvent acheter une gamme de produits, y compris des sacs \u00e0 excr\u00e9ments \u00e9cologiques\u00a0; des distributeurs de sacs pour chiens afin de mettre ces sacs \u00e0 la disposition des autres propri\u00e9taires d&rsquo;animaux\u00a0; et un syst\u00e8me complet qui comprend un distributeur et une poubelle pour la collecte.<\/p>\n<\/div>\n\n\n\n<div class=\"wp-block-column is-vertically-aligned-top is-layout-flow wp-block-column-is-layout-flow\">\n<p class=\"has-white-color has-text-color has-link-color wp-elements-3ef3af266d254671e60c9eb5d1ae105e\">Depuis les premi\u00e8res ventes des produits Practica en 2000, le syst\u00e8me d&rsquo;\u00e9limination des d\u00e9chets canins est devenu populaire dans tout le Canada et est maintenant disponible et install\u00e9 dans toutes les provinces et territoires canadiens.<\/p>\n\n\n\n<figure class=\"wp-block-image size-full\"><a href=\"https:\/\/www.youtube.com\/watch?v=OycTYQeAGoc&amp;autoplay=1\" target=\"_blank\" rel=\" noreferrer noopener\"><img loading=\"lazy\" decoding=\"async\" width=\"548\" height=\"479\" src=\"https:\/\/practica.ca\/wp-content\/uploads\/poop-happens-video.png.webp\" alt=\"\" class=\"wp-image-229\" srcset=\"https:\/\/practica.ca\/wp-content\/uploads\/poop-happens-video.png.webp 548w, https:\/\/practica.ca\/wp-content\/uploads\/poop-happens-video.png-300x262.webp 300w\" sizes=\"auto, (max-width: 548px) 100vw, 548px\" \/><\/a><\/figure>\n<\/div>\n\n\n\n<div class=\"wp-block-column is-vertically-aligned-top is-layout-flow wp-block-column-is-layout-flow\"><div class=\"wp-block-image\">\n<figure class=\"aligncenter size-full\"><img loading=\"lazy\" decoding=\"async\" width=\"286\" height=\"300\" src=\"https:\/\/practica.ca\/wp-content\/uploads\/dog_circle1-286x300.png.webp\" alt=\"\" class=\"wp-image-227\"\/><\/figure>\n<\/div><\/div>\n<\/div>\n<\/div><\/div><\/div>\n\n<div class=\"wp-block-columns is-layout-flex wp-container-core-columns-is-layout-9d6595d7 wp-block-columns-is-layout-flex\" id=\"team\">\n<div class=\"wp-block-column is-vertically-aligned-center is-layout-flow wp-block-column-is-layout-flow\">\n<h2 class=\"wp-block-heading\">Notre \u00e9quipe<\/h2>\n\n\n\n<p>Henry et Esther ayant d\u00e9cid\u00e9 de prendre leur retraite\u2026<\/p>\n<\/div>\n\n\n\n<div class=\"wp-block-column is-layout-flow wp-block-column-is-layout-flow\">\n<figure class=\"wp-block-image size-full\"><img loading=\"lazy\" decoding=\"async\" width=\"705\" height=\"504\" src=\"https:\/\/practica.ca\/wp-content\/uploads\/Team-with-Henry-Esther.jpg.webp\" alt=\"\" class=\"wp-image-230\" srcset=\"https:\/\/practica.ca\/wp-content\/uploads\/Team-with-Henry-Esther.jpg.webp 705w, https:\/\/practica.ca\/wp-content\/uploads\/Team-with-Henry-Esther.jpg-300x214.webp 300w\" sizes=\"auto, (max-width: 705px) 100vw, 705px\" \/><\/figure>\n<\/div>\n<\/div>\n\n<h2 class=\"wp-block-heading has-text-align-center\">N&rsquo;h\u00e9sitez pas \u00e0 contacter l&rsquo;un des membres de la nouvelle \u00e9quipe au sujet de Practica et de ses produits d&rsquo;\u00e9limination des d\u00e9chets canins\u00a0!<\/h2>\n\n<div class=\"wp-block-columns is-layout-flex wp-container-core-columns-is-layout-9d6595d7 wp-block-columns-is-layout-flex\">\n<div class=\"wp-block-column is-layout-flow wp-block-column-is-layout-flow\">\n<h3 class=\"wp-block-heading has-text-align-center has-blue-color has-text-color has-link-color wp-elements-d98ba839b1414b378af9b126836ca3bf\">Carolyn<\/h3>\n\n\n<div class=\"wp-block-image\">\n<figure class=\"aligncenter size-full\"><img loading=\"lazy\" decoding=\"async\" width=\"214\" height=\"300\" src=\"https:\/\/practica.ca\/wp-content\/uploads\/Carolyn-214x300.jpg.webp\" alt=\"\" class=\"wp-image-171\"\/><\/figure>\n<\/div>\n\n\n<p class=\"has-text-align-center\"><a href=\"mailto:carolyn@practica.ca\">carolyn@practica.ca<\/a><\/p>\n<\/div>\n\n\n\n<div class=\"wp-block-column is-layout-flow wp-block-column-is-layout-flow\">\n<h3 class=\"wp-block-heading has-text-align-center has-blue-color has-text-color has-link-color wp-elements-ed422ac30342af64184f1d2d9f6f5dbb\">Leah<\/h3>\n\n\n<div class=\"wp-block-image\">\n<figure class=\"aligncenter size-full\"><img loading=\"lazy\" decoding=\"async\" width=\"214\" height=\"300\" src=\"https:\/\/practica.ca\/wp-content\/uploads\/Leah-214x300.jpg.webp\" alt=\"\" class=\"wp-image-172\"\/><\/figure>\n<\/div>\n\n\n<p class=\"has-text-align-center\"><a href=\"mailto:leah@practica.ca\">leah@practica.ca<\/a><\/p>\n<\/div>\n\n\n\n<div class=\"wp-block-column is-layout-flow wp-block-column-is-layout-flow\">\n<h3 class=\"wp-block-heading has-text-align-center has-blue-color has-text-color has-link-color wp-elements-242b81538fe2b97756b57f483d683a68\">Ekke<\/h3>\n\n\n<div class=\"wp-block-image\">\n<figure class=\"aligncenter size-full\"><img loading=\"lazy\" decoding=\"async\" width=\"215\" height=\"300\" src=\"https:\/\/practica.ca\/wp-content\/uploads\/Ekke-215x300.jpg.webp\" alt=\"\" class=\"wp-image-173\"\/><\/figure>\n<\/div>\n\n\n<p class=\"has-text-align-center\"><a href=\"mailto:ekke@practica.ca\">ekke@practica.ca<\/a><\/p>\n<\/div>\n<\/div>\n\n<h2 class=\"wp-block-heading has-text-align-center\">Notre contact au Qu\u00e9bec<\/h2>\n\n<div class=\"wp-block-columns is-layout-flex wp-container-core-columns-is-layout-9d6595d7 wp-block-columns-is-layout-flex\">\n<div class=\"wp-block-column is-layout-flow wp-block-column-is-layout-flow\" style=\"flex-basis:20%\">\n<figure class=\"wp-block-image size-full\"><img loading=\"lazy\" decoding=\"async\" width=\"300\" height=\"90\" src=\"https:\/\/practica.ca\/wp-content\/uploads\/L_Techsport-300x90.jpg.webp\" alt=\"\" class=\"wp-image-231\"\/><\/figure>\n<\/div>\n\n\n\n<div class=\"wp-block-column is-layout-flow wp-block-column-is-layout-flow\" style=\"flex-basis:80%\">\n<p>TechSport travaille avec Practica depuis plus de 10\u00a0ans pour rendre les produits d&rsquo;\u00e9limination des d\u00e9chets canins Practica disponibles sur le march\u00e9 qu\u00e9b\u00e9cois. En tant que distributeur des produits Practica, les prix de TechSport sont les m\u00eames que si vous achetiez directement aupr\u00e8s de Practica. N&rsquo;h\u00e9sitez donc pas \u00e0 contacter leur excellente \u00e9quipe si vous commandez depuis le Qu\u00e9bec. <em><strong><a href=\"\/\/techsport.ca\/\" target=\"_blank\" rel=\"noreferrer noopener\">Contact techsport  <\/a> <\/strong><\/em><\/p>\n<\/div>\n<\/div>\n\n<p><\/p>\n","protected":false},"excerpt":{"rendered":"<p>Notre mission Contribuer \u00e0 un environnement plus propre et plus sain en fournissant une gamme de produits qui pr\u00e9sentent une solution compl\u00e8te aux d\u00e9chets canins. Fournir un service client sup\u00e9rieur et des produits de qualit\u00e9 faciles \u00e0 entretenir toute l&rsquo;ann\u00e9e, et qui contribuent \u00e0 faire de nos communaut\u00e9s des endroits magnifiques o\u00f9 vivre. Notre vision [&hellip;]<\/p>\n","protected":false},"author":3,"featured_media":466,"parent":0,"menu_order":0,"comment_status":"closed","ping_status":"closed","template":"","meta":{"_genesis_hide_title":false,"_genesis_hide_breadcrumbs":false,"_genesis_hide_singular_image":false,"_genesis_hide_footer_widgets":false,"_genesis_custom_body_class":"","_genesis_custom_post_class":"","_genesis_layout":"","footnotes":""},"class_list":{"0":"post-467","1":"page","2":"type-page","3":"status-publish","4":"has-post-thumbnail","6":"entry"},"featured_image_src":"https:\/\/practica.ca\/wp-content\/uploads\/about-banner-600x240.webp","featured_image_src_square":"https:\/\/practica.ca\/wp-content\/uploads\/about-banner-600x240.webp","jetpack_sharing_enabled":true,"_links":{"self":[{"href":"https:\/\/practica.ca\/fr\/wp-json\/wp\/v2\/pages\/467","targetHints":{"allow":["GET"]}}],"collection":[{"href":"https:\/\/practica.ca\/fr\/wp-json\/wp\/v2\/pages"}],"about":[{"href":"https:\/\/practica.ca\/fr\/wp-json\/wp\/v2\/types\/page"}],"author":[{"embeddable":true,"href":"https:\/\/practica.ca\/fr\/wp-json\/wp\/v2\/users\/3"}],"replies":[{"embeddable":true,"href":"https:\/\/practica.ca\/fr\/wp-json\/wp\/v2\/comments?post=467"}],"version-history":[{"count":1,"href":"https:\/\/practica.ca\/fr\/wp-json\/wp\/v2\/pages\/467\/revisions"}],"predecessor-version":[{"id":468,"href":"https:\/\/practica.ca\/fr\/wp-json\/wp\/v2\/pages\/467\/revisions\/468"}],"wp:featuredmedia":[{"embeddable":true,"href":"https:\/\/practica.ca\/fr\/wp-json\/wp\/v2\/media\/466"}],"wp:attachment":[{"href":"https:\/\/practica.ca\/fr\/wp-json\/wp\/v2\/media?parent=467"}],"curies":[{"name":"wp","href":"https:\/\/api.w.org\/{rel}","templated":true}]}}